{"id":1167,"date":"2013-04-05T13:33:38","date_gmt":"2013-04-05T13:33:38","guid":{"rendered":"http:\/\/www.kriesi.at\/themes\/enfold\/?page_id=1167"},"modified":"2018-05-24T12:35:56","modified_gmt":"2018-05-24T10:35:56","slug":"contact","status":"publish","type":"page","link":"https:\/\/privat.fischer-malerbetrieb.de\/?page_id=1167","title":{"rendered":"Kontakt"},"content":{"rendered":"<div class=\"av_gmaps_sc_main_wrap av_gmaps_main_wrap\"><div id='av_gmap_0' class='avia-google-map-container avia-google-map-sc av_gmaps_show_unconditionally av-no-fallback-img ' data-mapid='av_gmap_0'  style='height: 400px;'><a class=\"av_gmaps_browser_disabled av_text_confirm_link av_text_confirm_link_visible\" href=\"https:\/\/www.google.com\/maps\/search\/?api=1&#038;query=Im%20Kattenbusch%208%20%20%20Herne%20%20Deutschland\" target=\"_blank\">Karten wurden vom Besucher auf dieser Seite deaktiviert.<\/a><\/div><\/div>\n<div class=\"flex_column av_one_half  flex_column_div first  avia-builder-el-1  el_after_av_google_map  el_before_av_one_half  avia-builder-el-first  \" ><div style='padding-bottom:10px; color:#b0ca33;' class='av-special-heading av-special-heading-h3 custom-color-heading   avia-builder-el-2  el_before_av_textblock  avia-builder-el-first   '><h3 class='av-special-heading-tag '  itemprop=\"headline\"  >Kontaktdaten<\/h3><div class='special-heading-border'><div class='special-heading-inner-border' style='border-color:#b0ca33'><\/div><\/div><\/div>\n<section class=\"av_textblock_section \"  itemscope=\"itemscope\" itemtype=\"https:\/\/schema.org\/CreativeWork\" ><div class='avia_textblock  '   itemprop=\"text\" ><p style=\"color: #666666;\">FISCHER\u00a0Malerbetrieb GmbH<\/p>\n<p style=\"color: #666666;\">Im Kattenbusch 8<br \/>\n44649 Herne<\/p>\n<p style=\"color: #666666;\">Tel.:\u00a00\u00a023 25 \/ 37 256 16<br \/>\nFax.: 0\u00a023 25 \/ 37 256 29<br \/>\nE-Mail:\u00a0<a class=\"verweis\" style=\"font-style: inherit; color: #b1ca33;\" draggable=\"true\" href=\"mailto:info@fischer-malerbetrieb.de\">info@fischer-malerbetrieb.de<\/a><\/p>\n<\/div><\/section><\/div>\n<div class=\"flex_column av_one_half  flex_column_div   avia-builder-el-4  el_after_av_one_half  el_before_av_one_full  \" ><div style='padding-bottom:10px; color:#b0ca33;' class='av-special-heading av-special-heading-h3 custom-color-heading   avia-builder-el-5  el_before_av_textblock  avia-builder-el-first   '><h3 class='av-special-heading-tag '  itemprop=\"headline\"  >Gesch\u00e4ftszeiten<\/h3><div class='special-heading-border'><div class='special-heading-inner-border' style='border-color:#b0ca33'><\/div><\/div><\/div>\n<section class=\"av_textblock_section \"  itemscope=\"itemscope\" itemtype=\"https:\/\/schema.org\/CreativeWork\" ><div class='avia_textblock  '   itemprop=\"text\" ><p>Montag\u00a0&#8211; Donnerstag: 8-17 Uhr<\/p>\n<p>Freitag: 8-13\u00a0Uhr<\/p>\n<\/div><\/section><\/div>\n<div class=\"flex_column av_one_full  flex_column_div first  avia-builder-el-7  el_after_av_one_half  el_before_av_one_full  column-top-margin\" ><div style='padding-bottom:10px; color:#b0ca33;' class='av-special-heading av-special-heading-h3 custom-color-heading   avia-builder-el-8  el_before_av_textblock  avia-builder-el-first  '><h3 class='av-special-heading-tag '  itemprop=\"headline\"  >Kontaktformular<\/h3><div class='special-heading-border'><div class='special-heading-inner-border' style='border-color:#b0ca33'><\/div><\/div><\/div>\n<section class=\"av_textblock_section \"  itemscope=\"itemscope\" itemtype=\"https:\/\/schema.org\/CreativeWork\" ><div class='avia_textblock  '   itemprop=\"text\" ><p>Per Telefon ist die Fischer Malerbetrieb GmbH zu den regul\u00e4ren Gesch\u00e4ftszeiten zu erreichen. Dar\u00fcber hinaus k\u00f6nnen Sie auch rund um die Uhr das Kontaktformular nutzen, um uns eine Nachricht zukommen zu lassen. Das B\u00fcro-Team meldet sich schnellstm\u00f6glich und ruft auf Wunsch auch gerne zur\u00fcck.<\/p>\n<\/div><\/section><\/div>\n<div class=\"flex_column av_one_full  flex_column_div first  avia-builder-el-10  el_after_av_one_full  avia-builder-el-last  column-top-margin\" ><form action=\"https:\/\/privat.fischer-malerbetrieb.de\/?page_id=1167\" method=\"post\"  class=\"avia_ajax_form av-form-labels-visible   avia-builder-el-11  avia-builder-el-no-sibling   \" data-avia-form-id=\"1\" data-avia-redirect=''><fieldset><p class=' first_form  form_element form_element_half' id='element_avia_1_1'><label for=\"avia_1_1\">Name <abbr class=\"required\" title=\"ben\u00f6tigt\">*<\/abbr><\/label> <input name=\"avia_1_1\" class=\"text_input is_empty\" type=\"text\" id=\"avia_1_1\" value=\"\" \/><\/p><p class=' form_element form_element_half' id='element_avia_2_1'><label for=\"avia_2_1\">E-Mail-Adresse <abbr class=\"required\" title=\"ben\u00f6tigt\">*<\/abbr><\/label> <input name=\"avia_2_1\" class=\"text_input is_email\" type=\"text\" id=\"avia_2_1\" value=\"\" \/><\/p><p class=' first_form  form_element form_fullwidth' id='element_avia_3_1'><label for=\"avia_3_1\">Telefonnummer <abbr class=\"required\" title=\"ben\u00f6tigt\">*<\/abbr><\/label> <input name=\"avia_3_1\" class=\"text_input is_phone\" type=\"text\" id=\"avia_3_1\" value=\"\" \/><\/p><p class=' first_form  form_element form_fullwidth' id='element_avia_4_1'><label for=\"avia_4_1\">Betreff <abbr class=\"required\" title=\"ben\u00f6tigt\">*<\/abbr><\/label> <input name=\"avia_4_1\" class=\"text_input is_empty\" type=\"text\" id=\"avia_4_1\" value=\"\" \/><\/p><p class=' first_form  form_element form_fullwidth' id='element_avia_5_1'>\t <label for=\"avia_5_1\" class=\"textare_label hidden textare_label_avia_5_1\">Nachricht <abbr class=\"required\" title=\"ben\u00f6tigt\">*<\/abbr><\/label>\t <textarea  name=\"avia_5_1\" class=\"text_area is_empty\" cols=\"40\" rows=\"7\" id=\"avia_5_1\" ><\/textarea><\/p><p class=' first_form  form_element form_fullwidth' id='element_avia_6_1'>    <input  name=\"avia_6_1\" class=\"input_checkbox is_empty\" type=\"checkbox\" id=\"avia_6_1\" value=\"true\"\/><label class=\"input_checkbox_label\" for=\"avia_6_1\">Den Datenschutz habe ich zur Kenntnis genommen <abbr class=\"required\" title=\"ben\u00f6tigt\">*<\/abbr><\/label><\/p><div id='avia_7_1' class='av-form-text'><p>\nHier die <a title=\"Impressum\/Datenschutz\" href=\"https:\/\/privat.fischer-malerbetrieb.de\/?page_id=3086\">Datenschutzerkl\u00e4rung<\/a> lesen<\/p>\n<\/div><p class=\"hidden\"><input type=\"text\" name=\"avia_8_1\" class=\"hidden \" id=\"avia_8_1\" value=\"\" \/><\/p><p class=\"form_element \"><input type=\"hidden\" value=\"1\" name=\"avia_generated_form1\" \/><input type=\"submit\" value=\"Senden\" class=\"button\"  data-sending-label=\"Sende\"\/><\/p><\/fieldset><\/form><div id=\"ajaxresponse_1\" class=\"ajaxresponse ajaxresponse_1 hidden\"><\/div><\/div>\n","protected":false},"excerpt":{"rendered":"","protected":false},"author":1,"featured_media":0,"parent":0,"menu_order":0,"comment_status":"open","ping_status":"open","template":"","meta":{"_exactmetrics_skip_tracking":false,"_exactmetrics_sitenote_active":false,"_exactmetrics_sitenote_note":"","_exactmetrics_sitenote_category":0,"footnotes":"","_links_to":"","_links_to_target":""},"class_list":["post-1167","page","type-page","status-publish","hentry"],"_links":{"self":[{"href":"https:\/\/privat.fischer-malerbetrieb.de\/index.php?rest_route=\/wp\/v2\/pages\/1167"}],"collection":[{"href":"https:\/\/privat.fischer-malerbetrieb.de\/index.php?rest_route=\/wp\/v2\/pages"}],"about":[{"href":"https:\/\/privat.fischer-malerbetrieb.de\/index.php?rest_route=\/wp\/v2\/types\/page"}],"author":[{"embeddable":true,"href":"https:\/\/privat.fischer-malerbetrieb.de\/index.php?rest_route=\/wp\/v2\/users\/1"}],"replies":[{"embeddable":true,"href":"https:\/\/privat.fischer-malerbetrieb.de\/index.php?rest_route=%2Fwp%2Fv2%2Fcomments&post=1167"}],"version-history":[{"count":29,"href":"https:\/\/privat.fischer-malerbetrieb.de\/index.php?rest_route=\/wp\/v2\/pages\/1167\/revisions"}],"predecessor-version":[{"id":3057,"href":"https:\/\/privat.fischer-malerbetrieb.de\/index.php?rest_route=\/wp\/v2\/pages\/1167\/revisions\/3057"}],"wp:attachment":[{"href":"https:\/\/privat.fischer-malerbetrieb.de\/index.php?rest_route=%2Fwp%2Fv2%2Fmedia&parent=1167"}],"curies":[{"name":"wp","href":"https:\/\/api.w.org\/{rel}","templated":true}]}}