{"id":2269,"date":"2013-06-18T20:27:59","date_gmt":"2013-06-18T20:27:59","guid":{"rendered":"http:\/\/www.kriesi.at\/themes\/enfold\/?page_id=2269"},"modified":"2014-08-11T21:57:37","modified_gmt":"2014-08-11T19:57:37","slug":"portfolio-ajax","status":"publish","type":"page","link":"https:\/\/privat.fischer-malerbetrieb.de\/?page_id=2269","title":{"rendered":"Referenzen"},"content":{"rendered":"<div style='padding-bottom:10px; color:#b0ca33;' class='av-special-heading av-special-heading-h3 custom-color-heading blockquote modern-quote modern-centered  avia-builder-el-0  el_before_av_textblock  avia-builder-el-first   '><h3 class='av-special-heading-tag '  itemprop=\"headline\"  >Arbeits-Beispiele.<\/h3><div class='special-heading-border'><div class='special-heading-inner-border' style='border-color:#b0ca33'><\/div><\/div><\/div>\n<section class=\"av_textblock_section \"  itemscope=\"itemscope\" itemtype=\"https:\/\/schema.org\/CreativeWork\" ><div class='avia_textblock  '   itemprop=\"text\" ><p style=\"text-align: center;\">Vom\u00a0Au\u00dfenanstrich\u00a0\u00fcber die\u00a0Fassaden-Versch\u00f6nerung\u00a0oder\u00a0W\u00e4rmed\u00e4mmung bis hin zur\u00a0Innenraum-Gestaltung \u2013 mit individuellen L\u00f6sungen erzielt die Fischer Malerbetrieb GmbH stets perfekt auf die Bed\u00fcrfnisse der Kunden zugeschnittene Ergebnisse.<\/p>\n<\/div><\/section>\n<div  class='hr hr-short hr-center   avia-builder-el-2  el_after_av_textblock  el_before_av_portfolio  avia-builder-el-last '><span class='hr-inner ' ><span class='hr-inner-style'><\/span><\/span><\/div>\n<div class='portfolio_preview_container ' data-portfolio-id='1'>\r\n\t\t\t\t\t\t\t\t<div class='ajax_controlls iconfont'>\r\n\t\t\t\t\t\t\t\t\t<a href='#prev' class='ajax_previous' \taria-hidden='true' data-av_icon='\ue878' data-av_iconfont='entypo-fontello'><\/a>\r\n\t\t\t\t\t\t\t\t\t<a href='#next' class='ajax_next'\t\taria-hidden='true' data-av_icon='\ue879' data-av_iconfont='entypo-fontello'><\/a>\r\n\t\t\t\t\t\t\t\t\t<a class='avia_close' href='#close'\t\taria-hidden='true' data-av_icon='\ue814' data-av_iconfont='entypo-fontello'><\/a>\r\n\t\t\t\t\t\t\t\t<\/div>\r\n\t\t\t\t\t\t\t\t<div class='portfolio-details-inner'><\/div>\r\n\t\t\t\t\t\t\t<\/div><div class=' grid-sort-container isotope   no_margin-container with-title-container grid-total-odd grid-col-3 grid-links-ajax' data-portfolio-id='1'><div data-ajax-id='4107' class=' grid-entry flex_column isotope-item all_sort no_margin post-entry post-entry-4107 grid-entry-overview grid-loop-1 grid-parity-odd  fischer_sort  av_one_third first default_av_fullwidth '><article class='main_color inner-entry'  itemscope=\"itemscope\" itemtype=\"https:\/\/schema.org\/CreativeWork\" ><a href='https:\/\/privat.fischer-malerbetrieb.de\/?portfolio=wohnung-im-essener-sueden' title='Wohnung im Essener S\u00fcden'  data-rel='grid-1' class='grid-image avia-hover-fx'><img loading=\"lazy\" decoding=\"async\" width=\"495\" height=\"400\" src=\"https:\/\/privat.fischer-malerbetrieb.de\/wp-content\/uploads\/2015\/11\/IMG_5525-2_x2-495x400.jpg\" class=\"attachment-portfolio size-portfolio wp-post-image\" alt=\"\" srcset=\"https:\/\/privat.fischer-malerbetrieb.de\/wp-content\/uploads\/2015\/11\/IMG_5525-2_x2-495x400.jpg 495w, https:\/\/privat.fischer-malerbetrieb.de\/wp-content\/uploads\/2015\/11\/IMG_5525-2_x2-710x575.jpg 710w\" sizes=\"(max-width: 495px) 100vw, 495px\" \/><\/a><div class='grid-content'><div class='avia-arrow'><\/div><header class=\"entry-content-header\"><h3 class='grid-entry-title entry-title '  itemprop=\"headline\" ><a href='https:\/\/privat.fischer-malerbetrieb.de\/?portfolio=wohnung-im-essener-sueden' title='Wohnung im Essener S\u00fcden'>Wohnung im Essener S\u00fcden<\/a><\/h3><\/header><\/div><footer class=\"entry-footer\"><\/footer><\/article><\/div><div data-ajax-id='3902' class=' grid-entry flex_column isotope-item all_sort no_margin post-entry post-entry-3902 grid-entry-overview grid-loop-2 grid-parity-even  fischer_sort  av_one_third  default_av_fullwidth '><article class='main_color inner-entry'  itemscope=\"itemscope\" itemtype=\"https:\/\/schema.org\/CreativeWork\" ><a href='https:\/\/privat.fischer-malerbetrieb.de\/?portfolio=privathaus-in-essen-2' title='Privathaus in Essen'  data-rel='grid-1' class='grid-image avia-hover-fx'><img loading=\"lazy\" decoding=\"async\" width=\"495\" height=\"330\" src=\"https:\/\/privat.fischer-malerbetrieb.de\/wp-content\/uploads\/2015\/09\/Treppenhaus_RellinghauserStr_3_1200x800.jpg\" class=\"attachment-portfolio size-portfolio wp-post-image\" alt=\"\" \/><\/a><div class='grid-content'><div class='avia-arrow'><\/div><header class=\"entry-content-header\"><h3 class='grid-entry-title entry-title '  itemprop=\"headline\" ><a href='https:\/\/privat.fischer-malerbetrieb.de\/?portfolio=privathaus-in-essen-2' title='Privathaus in Essen'>Privathaus in Essen<\/a><\/h3><\/header><\/div><footer class=\"entry-footer\"><\/footer><\/article><\/div><div data-ajax-id='3867' class=' grid-entry flex_column isotope-item all_sort no_margin post-entry post-entry-3867 grid-entry-overview grid-loop-3 grid-parity-odd  fischer_sort  av_one_third  default_av_fullwidth '><article class='main_color inner-entry'  itemscope=\"itemscope\" itemtype=\"https:\/\/schema.org\/CreativeWork\" ><a href='https:\/\/privat.fischer-malerbetrieb.de\/?portfolio=kreative-wandgestaltung-3' title='Kreative Wandgestaltung'  data-rel='grid-1' class='grid-image avia-hover-fx'><img loading=\"lazy\" decoding=\"async\" width=\"495\" height=\"400\" src=\"https:\/\/privat.fischer-malerbetrieb.de\/wp-content\/uploads\/2015\/08\/Kre2-495x400.jpg\" class=\"attachment-portfolio size-portfolio wp-post-image\" alt=\"\" srcset=\"https:\/\/privat.fischer-malerbetrieb.de\/wp-content\/uploads\/2015\/08\/Kre2-495x400.jpg 495w, https:\/\/privat.fischer-malerbetrieb.de\/wp-content\/uploads\/2015\/08\/Kre2-710x575.jpg 710w\" sizes=\"(max-width: 495px) 100vw, 495px\" \/><\/a><div class='grid-content'><div class='avia-arrow'><\/div><header class=\"entry-content-header\"><h3 class='grid-entry-title entry-title '  itemprop=\"headline\" ><a href='https:\/\/privat.fischer-malerbetrieb.de\/?portfolio=kreative-wandgestaltung-3' title='Kreative Wandgestaltung'>Kreative Wandgestaltung<\/a><\/h3><\/header><\/div><footer class=\"entry-footer\"><\/footer><\/article><\/div><div data-ajax-id='3709' class=' grid-entry flex_column isotope-item all_sort no_margin post-entry post-entry-3709 grid-entry-overview grid-loop-4 grid-parity-even  fischer_sort  av_one_third first default_av_fullwidth '><article class='main_color inner-entry'  itemscope=\"itemscope\" itemtype=\"https:\/\/schema.org\/CreativeWork\" ><a href='https:\/\/privat.fischer-malerbetrieb.de\/?portfolio=coiffeur-dejavu-in-herne' title='Coiffeur D\u00e9j\u00e0vu in Herne'  data-rel='grid-1' class='grid-image avia-hover-fx'><img loading=\"lazy\" decoding=\"async\" width=\"495\" height=\"400\" src=\"https:\/\/privat.fischer-malerbetrieb.de\/wp-content\/uploads\/2015\/08\/Unbenannt-0-495x400.jpg\" class=\"attachment-portfolio size-portfolio wp-post-image\" alt=\"\" srcset=\"https:\/\/privat.fischer-malerbetrieb.de\/wp-content\/uploads\/2015\/08\/Unbenannt-0-495x400.jpg 495w, https:\/\/privat.fischer-malerbetrieb.de\/wp-content\/uploads\/2015\/08\/Unbenannt-0-710x575.jpg 710w\" sizes=\"(max-width: 495px) 100vw, 495px\" \/><\/a><div class='grid-content'><div class='avia-arrow'><\/div><header class=\"entry-content-header\"><h3 class='grid-entry-title entry-title '  itemprop=\"headline\" ><a href='https:\/\/privat.fischer-malerbetrieb.de\/?portfolio=coiffeur-dejavu-in-herne' title='Coiffeur D\u00e9j\u00e0vu in Herne'>Coiffeur D\u00e9j\u00e0vu in Herne<\/a><\/h3><\/header><\/div><footer class=\"entry-footer\"><\/footer><\/article><\/div><div data-ajax-id='3673' class=' grid-entry flex_column isotope-item all_sort no_margin post-entry post-entry-3673 grid-entry-overview grid-loop-5 grid-parity-odd  fischer_sort  av_one_third  default_av_fullwidth '><article class='main_color inner-entry'  itemscope=\"itemscope\" itemtype=\"https:\/\/schema.org\/CreativeWork\" ><a href='https:\/\/privat.fischer-malerbetrieb.de\/?portfolio=haeuserzeile-in-herne-2' title='H\u00e4userzeile in Herne'  data-rel='grid-1' class='grid-image avia-hover-fx'><img loading=\"lazy\" decoding=\"async\" width=\"495\" height=\"400\" src=\"https:\/\/privat.fischer-malerbetrieb.de\/wp-content\/uploads\/2015\/07\/Unbenannt-2-495x400.jpg\" class=\"attachment-portfolio size-portfolio wp-post-image\" alt=\"\" srcset=\"https:\/\/privat.fischer-malerbetrieb.de\/wp-content\/uploads\/2015\/07\/Unbenannt-2-495x400.jpg 495w, https:\/\/privat.fischer-malerbetrieb.de\/wp-content\/uploads\/2015\/07\/Unbenannt-2-710x575.jpg 710w\" sizes=\"(max-width: 495px) 100vw, 495px\" \/><\/a><div class='grid-content'><div class='avia-arrow'><\/div><header class=\"entry-content-header\"><h3 class='grid-entry-title entry-title '  itemprop=\"headline\" ><a href='https:\/\/privat.fischer-malerbetrieb.de\/?portfolio=haeuserzeile-in-herne-2' title='H\u00e4userzeile in Herne'>H\u00e4userzeile in Herne<\/a><\/h3><\/header><\/div><footer class=\"entry-footer\"><\/footer><\/article><\/div><div data-ajax-id='3592' class=' grid-entry flex_column isotope-item all_sort no_margin post-entry post-entry-3592 grid-entry-overview grid-loop-6 grid-parity-even  fischer_sort  av_one_third  default_av_fullwidth '><article class='main_color inner-entry'  itemscope=\"itemscope\" itemtype=\"https:\/\/schema.org\/CreativeWork\" ><a href='https:\/\/privat.fischer-malerbetrieb.de\/?portfolio=privathaus-in-herne' title='Privathaus in Herne'  data-rel='grid-1' class='grid-image avia-hover-fx'><img loading=\"lazy\" decoding=\"async\" width=\"495\" height=\"400\" src=\"https:\/\/privat.fischer-malerbetrieb.de\/wp-content\/uploads\/2015\/07\/Rottstr_1-1212-495x400.jpg\" class=\"attachment-portfolio size-portfolio wp-post-image\" alt=\"\" srcset=\"https:\/\/privat.fischer-malerbetrieb.de\/wp-content\/uploads\/2015\/07\/Rottstr_1-1212-495x400.jpg 495w, https:\/\/privat.fischer-malerbetrieb.de\/wp-content\/uploads\/2015\/07\/Rottstr_1-1212-710x575.jpg 710w\" sizes=\"(max-width: 495px) 100vw, 495px\" \/><\/a><div class='grid-content'><div class='avia-arrow'><\/div><header class=\"entry-content-header\"><h3 class='grid-entry-title entry-title '  itemprop=\"headline\" ><a href='https:\/\/privat.fischer-malerbetrieb.de\/?portfolio=privathaus-in-herne' title='Privathaus in Herne'>Privathaus in Herne<\/a><\/h3><\/header><\/div><footer class=\"entry-footer\"><\/footer><\/article><\/div><div data-ajax-id='3534' class=' grid-entry flex_column isotope-item all_sort no_margin post-entry post-entry-3534 grid-entry-overview grid-loop-7 grid-parity-odd  fischer_sort  av_one_third first default_av_fullwidth '><article class='main_color inner-entry'  itemscope=\"itemscope\" itemtype=\"https:\/\/schema.org\/CreativeWork\" ><a href='https:\/\/privat.fischer-malerbetrieb.de\/?portfolio=privathaus-in-essen' title='Privathaus in Essen'  data-rel='grid-1' class='grid-image avia-hover-fx'><img loading=\"lazy\" decoding=\"async\" width=\"495\" height=\"400\" src=\"https:\/\/privat.fischer-malerbetrieb.de\/wp-content\/uploads\/2015\/06\/IMG_9878_eciRGBv2_RZ_low-495x400.jpg\" class=\"attachment-portfolio size-portfolio wp-post-image\" alt=\"\" srcset=\"https:\/\/privat.fischer-malerbetrieb.de\/wp-content\/uploads\/2015\/06\/IMG_9878_eciRGBv2_RZ_low-495x400.jpg 495w, https:\/\/privat.fischer-malerbetrieb.de\/wp-content\/uploads\/2015\/06\/IMG_9878_eciRGBv2_RZ_low-710x575.jpg 710w\" sizes=\"(max-width: 495px) 100vw, 495px\" \/><\/a><div class='grid-content'><div class='avia-arrow'><\/div><header class=\"entry-content-header\"><h3 class='grid-entry-title entry-title '  itemprop=\"headline\" ><a href='https:\/\/privat.fischer-malerbetrieb.de\/?portfolio=privathaus-in-essen' title='Privathaus in Essen'>Privathaus in Essen<\/a><\/h3><\/header><\/div><footer class=\"entry-footer\"><\/footer><\/article><\/div><div data-ajax-id='3506' class=' grid-entry flex_column isotope-item all_sort no_margin post-entry post-entry-3506 grid-entry-overview grid-loop-8 grid-parity-even  fischer_sort  av_one_third  default_av_fullwidth '><article class='main_color inner-entry'  itemscope=\"itemscope\" itemtype=\"https:\/\/schema.org\/CreativeWork\" ><a href='https:\/\/privat.fischer-malerbetrieb.de\/?portfolio=mehrfamilienhaus-in-essen-bredeney' title='Mehrfamilienhaus in Essen-Bredeney'  data-rel='grid-1' class='grid-image avia-hover-fx'><img loading=\"lazy\" decoding=\"async\" width=\"495\" height=\"400\" src=\"https:\/\/privat.fischer-malerbetrieb.de\/wp-content\/uploads\/2015\/06\/Fischer-Malerbetrieb-Herne_Im-Wiesental_Essen_IMG_8760-495x400.jpg\" class=\"attachment-portfolio size-portfolio wp-post-image\" alt=\"\" srcset=\"https:\/\/privat.fischer-malerbetrieb.de\/wp-content\/uploads\/2015\/06\/Fischer-Malerbetrieb-Herne_Im-Wiesental_Essen_IMG_8760-495x400.jpg 495w, https:\/\/privat.fischer-malerbetrieb.de\/wp-content\/uploads\/2015\/06\/Fischer-Malerbetrieb-Herne_Im-Wiesental_Essen_IMG_8760-710x575.jpg 710w\" sizes=\"(max-width: 495px) 100vw, 495px\" \/><\/a><div class='grid-content'><div class='avia-arrow'><\/div><header class=\"entry-content-header\"><h3 class='grid-entry-title entry-title '  itemprop=\"headline\" ><a href='https:\/\/privat.fischer-malerbetrieb.de\/?portfolio=mehrfamilienhaus-in-essen-bredeney' title='Mehrfamilienhaus in Essen-Bredeney'>Mehrfamilienhaus in Essen-Bredeney<\/a><\/h3><\/header><\/div><footer class=\"entry-footer\"><\/footer><\/article><\/div><div data-ajax-id='3262' class=' grid-entry flex_column isotope-item all_sort no_margin post-entry post-entry-3262 grid-entry-overview grid-loop-9 grid-parity-odd  post-entry-last  fischer_sort  av_one_third  default_av_fullwidth '><article class='main_color inner-entry'  itemscope=\"itemscope\" itemtype=\"https:\/\/schema.org\/CreativeWork\" ><a href='https:\/\/privat.fischer-malerbetrieb.de\/?portfolio=unbekannt-4' title='Wohnhaus Herne'  data-rel='grid-1' class='grid-image avia-hover-fx'><img loading=\"lazy\" decoding=\"async\" width=\"495\" height=\"400\" src=\"https:\/\/privat.fischer-malerbetrieb.de\/wp-content\/uploads\/2014\/07\/2_start-495x400.jpg\" class=\"attachment-portfolio size-portfolio wp-post-image\" alt=\"\" srcset=\"https:\/\/privat.fischer-malerbetrieb.de\/wp-content\/uploads\/2014\/07\/2_start-495x400.jpg 495w, https:\/\/privat.fischer-malerbetrieb.de\/wp-content\/uploads\/2014\/07\/2_start-710x575.jpg 710w\" sizes=\"(max-width: 495px) 100vw, 495px\" \/><\/a><div class='grid-content'><div class='avia-arrow'><\/div><header class=\"entry-content-header\"><h3 class='grid-entry-title entry-title '  itemprop=\"headline\" ><a href='https:\/\/privat.fischer-malerbetrieb.de\/?portfolio=unbekannt-4' title='Wohnhaus Herne'>Wohnhaus Herne<\/a><\/h3><\/header><\/div><footer class=\"entry-footer\"><\/footer><\/article><\/div><\/div>\n","protected":false},"excerpt":{"rendered":"","protected":false},"author":1,"featured_media":0,"parent":2270,"menu_order":0,"comment_status":"open","ping_status":"open","template":"","meta":{"_exactmetrics_skip_tracking":false,"_exactmetrics_sitenote_active":false,"_exactmetrics_sitenote_note":"","_exactmetrics_sitenote_category":0,"footnotes":"","_links_to":"","_links_to_target":""},"class_list":["post-2269","page","type-page","status-publish","hentry"],"_links":{"self":[{"href":"https:\/\/privat.fischer-malerbetrieb.de\/index.php?rest_route=\/wp\/v2\/pages\/2269"}],"collection":[{"href":"https:\/\/privat.fischer-malerbetrieb.de\/index.php?rest_route=\/wp\/v2\/pages"}],"about":[{"href":"https:\/\/privat.fischer-malerbetrieb.de\/index.php?rest_route=\/wp\/v2\/types\/page"}],"author":[{"embeddable":true,"href":"https:\/\/privat.fischer-malerbetrieb.de\/index.php?rest_route=\/wp\/v2\/users\/1"}],"replies":[{"embeddable":true,"href":"https:\/\/privat.fischer-malerbetrieb.de\/index.php?rest_route=%2Fwp%2Fv2%2Fcomments&post=2269"}],"version-history":[{"count":37,"href":"https:\/\/privat.fischer-malerbetrieb.de\/index.php?rest_route=\/wp\/v2\/pages\/2269\/revisions"}],"predecessor-version":[{"id":3275,"href":"https:\/\/privat.fischer-malerbetrieb.de\/index.php?rest_route=\/wp\/v2\/pages\/2269\/revisions\/3275"}],"up":[{"embeddable":true,"href":"https:\/\/privat.fischer-malerbetrieb.de\/index.php?rest_route=\/wp\/v2\/pages\/2270"}],"wp:attachment":[{"href":"https:\/\/privat.fischer-malerbetrieb.de\/index.php?rest_route=%2Fwp%2Fv2%2Fmedia&parent=2269"}],"curies":[{"name":"wp","href":"https:\/\/api.w.org\/{rel}","templated":true}]}}