{"id":2270,"date":"2013-04-01T20:49:40","date_gmt":"2013-04-01T20:49:40","guid":{"rendered":"http:\/\/www.kriesi.at\/themes\/enfold\/?page_id=755"},"modified":"2013-04-01T20:49:40","modified_gmt":"2013-04-01T20:49:40","slug":"portfolio","status":"publish","type":"page","link":"https:\/\/privat.fischer-malerbetrieb.de\/?page_id=2270","title":{"rendered":"Portfolio"},"content":{"rendered":"<div class=\"av-portfolio-grid-sorting-container\"><div class='sort_width_container  av-sort-yes' data-portfolio-id='1' ><div id='js_sort_items' ><div class='sort_by_cat  '><a href=\"#\" data-filter=\"all_sort\" class=\"all_sort_button active_sort\"><span class=\"inner_sort_button\"><span>Alle<\/span><small class=\"av-cat-count\"> 16 <\/small><\/span><\/a><span class='text-sep css_sort_sep'>\/<\/span><a href=\"#\" data-filter=\"css_sort\" class=\"css_sort_button\" ><span class=\"inner_sort_button\"><span>CSS<\/span><small class='av-cat-count'> 3 <\/small><\/span><\/a><span class='text-sep fassade_sort_sep'>\/<\/span><a href=\"#\" data-filter=\"fassade_sort\" class=\"fassade_sort_button\" ><span class=\"inner_sort_button\"><span>Fassade<\/span><small class='av-cat-count'> 1 <\/small><\/span><\/a><span class='text-sep fischer_sort_sep'>\/<\/span><a href=\"#\" data-filter=\"fischer_sort\" class=\"fischer_sort_button\" ><span class=\"inner_sort_button\"><span>FISCHER<\/span><small class='av-cat-count'> 10 <\/small><\/span><\/a><span class='text-sep html_sort_sep'>\/<\/span><a href=\"#\" data-filter=\"html_sort\" class=\"html_sort_button\" ><span class=\"inner_sort_button\"><span>HTML<\/span><small class='av-cat-count'> 3 <\/small><\/span><\/a><span class='text-sep photography_sort_sep'>\/<\/span><a href=\"#\" data-filter=\"photography_sort\" class=\"photography_sort_button\" ><span class=\"inner_sort_button\"><span>Photography<\/span><small class='av-cat-count'> 1 <\/small><\/span><\/a><span class='text-sep psd_sort_sep'>\/<\/span><a href=\"#\" data-filter=\"psd_sort\" class=\"psd_sort_button\" ><span class=\"inner_sort_button\"><span>PSD<\/span><small class='av-cat-count'> 2 <\/small><\/span><\/a><span class='text-sep video_sort_sep'>\/<\/span><a href=\"#\" data-filter=\"video_sort\" class=\"video_sort_button\" ><span class=\"inner_sort_button\"><span>VIDEO<\/span><small class='av-cat-count'> 1 <\/small><\/span><\/a><\/div><\/div><\/div><div class=' grid-sort-container isotope   no_margin-container with-title-container grid-total-even grid-col-4 grid-links-' data-portfolio-id='1'><div data-ajax-id='4107' class=' grid-entry flex_column isotope-item all_sort no_margin post-entry post-entry-4107 grid-entry-overview grid-loop-1 grid-parity-odd  fischer_sort  av_one_fourth first default_av_fullwidth '><article class='main_color inner-entry'  itemscope=\"itemscope\" itemtype=\"https:\/\/schema.org\/CreativeWork\" ><a href='https:\/\/privat.fischer-malerbetrieb.de\/?portfolio=wohnung-im-essener-sueden' title='Wohnung im Essener S\u00fcden'  data-rel='grid-1' class='grid-image avia-hover-fx'><img loading=\"lazy\" decoding=\"async\" width=\"260\" height=\"185\" src=\"https:\/\/privat.fischer-malerbetrieb.de\/wp-content\/uploads\/2015\/11\/IMG_5525-2_x2-260x185.jpg\" class=\"attachment-portfolio_small size-portfolio_small wp-post-image\" alt=\"\" \/><\/a><div class='grid-content'><div class='avia-arrow'><\/div><header class=\"entry-content-header\"><h3 class='grid-entry-title entry-title '  itemprop=\"headline\" ><a href='https:\/\/privat.fischer-malerbetrieb.de\/?portfolio=wohnung-im-essener-sueden' title='Wohnung im Essener S\u00fcden'>Wohnung im Essener S\u00fcden<\/a><\/h3><\/header><\/div><footer class=\"entry-footer\"><\/footer><\/article><\/div><div data-ajax-id='3902' class=' grid-entry flex_column isotope-item all_sort no_margin post-entry post-entry-3902 grid-entry-overview grid-loop-2 grid-parity-even  fischer_sort  av_one_fourth  default_av_fullwidth '><article class='main_color inner-entry'  itemscope=\"itemscope\" itemtype=\"https:\/\/schema.org\/CreativeWork\" ><a href='https:\/\/privat.fischer-malerbetrieb.de\/?portfolio=privathaus-in-essen-2' title='Privathaus in Essen'  data-rel='grid-1' class='grid-image avia-hover-fx'><img loading=\"lazy\" decoding=\"async\" width=\"260\" height=\"173\" src=\"https:\/\/privat.fischer-malerbetrieb.de\/wp-content\/uploads\/2015\/09\/Treppenhaus_RellinghauserStr_3_1200x800.jpg\" class=\"attachment-portfolio_small size-portfolio_small wp-post-image\" alt=\"\" \/><\/a><div class='grid-content'><div class='avia-arrow'><\/div><header class=\"entry-content-header\"><h3 class='grid-entry-title entry-title '  itemprop=\"headline\" ><a href='https:\/\/privat.fischer-malerbetrieb.de\/?portfolio=privathaus-in-essen-2' title='Privathaus in Essen'>Privathaus in Essen<\/a><\/h3><\/header><\/div><footer class=\"entry-footer\"><\/footer><\/article><\/div><div data-ajax-id='3867' class=' grid-entry flex_column isotope-item all_sort no_margin post-entry post-entry-3867 grid-entry-overview grid-loop-3 grid-parity-odd  fischer_sort  av_one_fourth  default_av_fullwidth '><article class='main_color inner-entry'  itemscope=\"itemscope\" itemtype=\"https:\/\/schema.org\/CreativeWork\" ><a href='https:\/\/privat.fischer-malerbetrieb.de\/?portfolio=kreative-wandgestaltung-3' title='Kreative Wandgestaltung'  data-rel='grid-1' class='grid-image avia-hover-fx'><img loading=\"lazy\" decoding=\"async\" width=\"260\" height=\"185\" src=\"https:\/\/privat.fischer-malerbetrieb.de\/wp-content\/uploads\/2015\/08\/Kre2-260x185.jpg\" class=\"attachment-portfolio_small size-portfolio_small wp-post-image\" alt=\"\" \/><\/a><div class='grid-content'><div class='avia-arrow'><\/div><header class=\"entry-content-header\"><h3 class='grid-entry-title entry-title '  itemprop=\"headline\" ><a href='https:\/\/privat.fischer-malerbetrieb.de\/?portfolio=kreative-wandgestaltung-3' title='Kreative Wandgestaltung'>Kreative Wandgestaltung<\/a><\/h3><\/header><\/div><footer class=\"entry-footer\"><\/footer><\/article><\/div><div data-ajax-id='3709' class=' grid-entry flex_column isotope-item all_sort no_margin post-entry post-entry-3709 grid-entry-overview grid-loop-4 grid-parity-even  fischer_sort  av_one_fourth  default_av_fullwidth '><article class='main_color inner-entry'  itemscope=\"itemscope\" itemtype=\"https:\/\/schema.org\/CreativeWork\" ><a href='https:\/\/privat.fischer-malerbetrieb.de\/?portfolio=coiffeur-dejavu-in-herne' title='Coiffeur D\u00e9j\u00e0vu in Herne'  data-rel='grid-1' class='grid-image avia-hover-fx'><img loading=\"lazy\" decoding=\"async\" width=\"260\" height=\"185\" src=\"https:\/\/privat.fischer-malerbetrieb.de\/wp-content\/uploads\/2015\/08\/Unbenannt-0-260x185.jpg\" class=\"attachment-portfolio_small size-portfolio_small wp-post-image\" alt=\"\" \/><\/a><div class='grid-content'><div class='avia-arrow'><\/div><header class=\"entry-content-header\"><h3 class='grid-entry-title entry-title '  itemprop=\"headline\" ><a href='https:\/\/privat.fischer-malerbetrieb.de\/?portfolio=coiffeur-dejavu-in-herne' title='Coiffeur D\u00e9j\u00e0vu in Herne'>Coiffeur D\u00e9j\u00e0vu in Herne<\/a><\/h3><\/header><\/div><footer class=\"entry-footer\"><\/footer><\/article><\/div><div data-ajax-id='3673' class=' grid-entry flex_column isotope-item all_sort no_margin post-entry post-entry-3673 grid-entry-overview grid-loop-5 grid-parity-odd  fischer_sort  av_one_fourth first default_av_fullwidth '><article class='main_color inner-entry'  itemscope=\"itemscope\" itemtype=\"https:\/\/schema.org\/CreativeWork\" ><a href='https:\/\/privat.fischer-malerbetrieb.de\/?portfolio=haeuserzeile-in-herne-2' title='H\u00e4userzeile in Herne'  data-rel='grid-1' class='grid-image avia-hover-fx'><img loading=\"lazy\" decoding=\"async\" width=\"260\" height=\"185\" src=\"https:\/\/privat.fischer-malerbetrieb.de\/wp-content\/uploads\/2015\/07\/Unbenannt-2-260x185.jpg\" class=\"attachment-portfolio_small size-portfolio_small wp-post-image\" alt=\"\" \/><\/a><div class='grid-content'><div class='avia-arrow'><\/div><header class=\"entry-content-header\"><h3 class='grid-entry-title entry-title '  itemprop=\"headline\" ><a href='https:\/\/privat.fischer-malerbetrieb.de\/?portfolio=haeuserzeile-in-herne-2' title='H\u00e4userzeile in Herne'>H\u00e4userzeile in Herne<\/a><\/h3><\/header><\/div><footer class=\"entry-footer\"><\/footer><\/article><\/div><div data-ajax-id='3592' class=' grid-entry flex_column isotope-item all_sort no_margin post-entry post-entry-3592 grid-entry-overview grid-loop-6 grid-parity-even  fischer_sort  av_one_fourth  default_av_fullwidth '><article class='main_color inner-entry'  itemscope=\"itemscope\" itemtype=\"https:\/\/schema.org\/CreativeWork\" ><a href='https:\/\/privat.fischer-malerbetrieb.de\/?portfolio=privathaus-in-herne' title='Privathaus in Herne'  data-rel='grid-1' class='grid-image avia-hover-fx'><img loading=\"lazy\" decoding=\"async\" width=\"260\" height=\"185\" src=\"https:\/\/privat.fischer-malerbetrieb.de\/wp-content\/uploads\/2015\/07\/Rottstr_1-1212-260x185.jpg\" class=\"attachment-portfolio_small size-portfolio_small wp-post-image\" alt=\"\" \/><\/a><div class='grid-content'><div class='avia-arrow'><\/div><header class=\"entry-content-header\"><h3 class='grid-entry-title entry-title '  itemprop=\"headline\" ><a href='https:\/\/privat.fischer-malerbetrieb.de\/?portfolio=privathaus-in-herne' title='Privathaus in Herne'>Privathaus in Herne<\/a><\/h3><\/header><\/div><footer class=\"entry-footer\"><\/footer><\/article><\/div><div data-ajax-id='3534' class=' grid-entry flex_column isotope-item all_sort no_margin post-entry post-entry-3534 grid-entry-overview grid-loop-7 grid-parity-odd  fischer_sort  av_one_fourth  default_av_fullwidth '><article class='main_color inner-entry'  itemscope=\"itemscope\" itemtype=\"https:\/\/schema.org\/CreativeWork\" ><a href='https:\/\/privat.fischer-malerbetrieb.de\/?portfolio=privathaus-in-essen' title='Privathaus in Essen'  data-rel='grid-1' class='grid-image avia-hover-fx'><img loading=\"lazy\" decoding=\"async\" width=\"260\" height=\"185\" src=\"https:\/\/privat.fischer-malerbetrieb.de\/wp-content\/uploads\/2015\/06\/IMG_9878_eciRGBv2_RZ_low-260x185.jpg\" class=\"attachment-portfolio_small size-portfolio_small wp-post-image\" alt=\"\" \/><\/a><div class='grid-content'><div class='avia-arrow'><\/div><header class=\"entry-content-header\"><h3 class='grid-entry-title entry-title '  itemprop=\"headline\" ><a href='https:\/\/privat.fischer-malerbetrieb.de\/?portfolio=privathaus-in-essen' title='Privathaus in Essen'>Privathaus in Essen<\/a><\/h3><\/header><\/div><footer class=\"entry-footer\"><\/footer><\/article><\/div><div data-ajax-id='3506' class=' grid-entry flex_column isotope-item all_sort no_margin post-entry post-entry-3506 grid-entry-overview grid-loop-8 grid-parity-even  fischer_sort  av_one_fourth  default_av_fullwidth '><article class='main_color inner-entry'  itemscope=\"itemscope\" itemtype=\"https:\/\/schema.org\/CreativeWork\" ><a href='https:\/\/privat.fischer-malerbetrieb.de\/?portfolio=mehrfamilienhaus-in-essen-bredeney' title='Mehrfamilienhaus in Essen-Bredeney'  data-rel='grid-1' class='grid-image avia-hover-fx'><img loading=\"lazy\" decoding=\"async\" width=\"260\" height=\"185\" src=\"https:\/\/privat.fischer-malerbetrieb.de\/wp-content\/uploads\/2015\/06\/Fischer-Malerbetrieb-Herne_Im-Wiesental_Essen_IMG_8760-260x185.jpg\" class=\"attachment-portfolio_small size-portfolio_small wp-post-image\" alt=\"\" \/><\/a><div class='grid-content'><div class='avia-arrow'><\/div><header class=\"entry-content-header\"><h3 class='grid-entry-title entry-title '  itemprop=\"headline\" ><a href='https:\/\/privat.fischer-malerbetrieb.de\/?portfolio=mehrfamilienhaus-in-essen-bredeney' title='Mehrfamilienhaus in Essen-Bredeney'>Mehrfamilienhaus in Essen-Bredeney<\/a><\/h3><\/header><\/div><footer class=\"entry-footer\"><\/footer><\/article><\/div><div data-ajax-id='3273' class=' grid-entry flex_column isotope-item all_sort no_margin post-entry post-entry-3273 grid-entry-overview grid-loop-9 grid-parity-odd   av_one_fourth first default_av_fullwidth '><article class='main_color inner-entry'  itemscope=\"itemscope\" itemtype=\"https:\/\/schema.org\/CreativeWork\" ><a href='https:\/\/privat.fischer-malerbetrieb.de\/?portfolio=wohnhaus-herne' title='Wohnhaus Herne'  data-rel='grid-1' class='grid-image avia-hover-fx'><img loading=\"lazy\" decoding=\"async\" width=\"260\" height=\"185\" src=\"https:\/\/privat.fischer-malerbetrieb.de\/wp-content\/uploads\/2014\/08\/hausherne-260x185.jpg\" class=\"attachment-portfolio_small size-portfolio_small wp-post-image\" alt=\"\" \/><\/a><div class='grid-content'><div class='avia-arrow'><\/div><header class=\"entry-content-header\"><h3 class='grid-entry-title entry-title '  itemprop=\"headline\" ><a href='https:\/\/privat.fischer-malerbetrieb.de\/?portfolio=wohnhaus-herne' title='Wohnhaus Herne'>Wohnhaus Herne<\/a><\/h3><\/header><\/div><footer class=\"entry-footer\"><\/footer><\/article><\/div><div data-ajax-id='3262' class=' grid-entry flex_column isotope-item all_sort no_margin post-entry post-entry-3262 grid-entry-overview grid-loop-10 grid-parity-even  fischer_sort  av_one_fourth  default_av_fullwidth '><article class='main_color inner-entry'  itemscope=\"itemscope\" itemtype=\"https:\/\/schema.org\/CreativeWork\" ><a href='https:\/\/privat.fischer-malerbetrieb.de\/?portfolio=unbekannt-4' title='Wohnhaus Herne'  data-rel='grid-1' class='grid-image avia-hover-fx'><img loading=\"lazy\" decoding=\"async\" width=\"260\" height=\"185\" src=\"https:\/\/privat.fischer-malerbetrieb.de\/wp-content\/uploads\/2014\/07\/2_start-260x185.jpg\" class=\"attachment-portfolio_small size-portfolio_small wp-post-image\" alt=\"\" \/><\/a><div class='grid-content'><div class='avia-arrow'><\/div><header class=\"entry-content-header\"><h3 class='grid-entry-title entry-title '  itemprop=\"headline\" ><a href='https:\/\/privat.fischer-malerbetrieb.de\/?portfolio=unbekannt-4' title='Wohnhaus Herne'>Wohnhaus Herne<\/a><\/h3><\/header><\/div><footer class=\"entry-footer\"><\/footer><\/article><\/div><div data-ajax-id='3255' class=' grid-entry flex_column isotope-item all_sort no_margin post-entry post-entry-3255 grid-entry-overview grid-loop-11 grid-parity-odd  fischer_sort  av_one_fourth  default_av_fullwidth '><article class='main_color inner-entry'  itemscope=\"itemscope\" itemtype=\"https:\/\/schema.org\/CreativeWork\" ><a href='https:\/\/privat.fischer-malerbetrieb.de\/?portfolio=unbekannt-2' title='Wohnhaus Herne'  data-rel='grid-1' class='grid-image avia-hover-fx'><img loading=\"lazy\" decoding=\"async\" width=\"260\" height=\"185\" src=\"https:\/\/privat.fischer-malerbetrieb.de\/wp-content\/uploads\/2014\/07\/Foto-Privatkunde-Kopie-260x185.jpg\" class=\"attachment-portfolio_small size-portfolio_small wp-post-image\" alt=\"\" \/><\/a><div class='grid-content'><div class='avia-arrow'><\/div><header class=\"entry-content-header\"><h3 class='grid-entry-title entry-title '  itemprop=\"headline\" ><a href='https:\/\/privat.fischer-malerbetrieb.de\/?portfolio=unbekannt-2' title='Wohnhaus Herne'>Wohnhaus Herne<\/a><\/h3><\/header><\/div><footer class=\"entry-footer\"><\/footer><\/article><\/div><div data-ajax-id='3101' class=' grid-entry flex_column isotope-item all_sort no_margin post-entry post-entry-3101 grid-entry-overview grid-loop-12 grid-parity-even  fassade_sort  av_one_fourth  default_av_fullwidth '><article class='main_color inner-entry'  itemscope=\"itemscope\" itemtype=\"https:\/\/schema.org\/CreativeWork\" ><a href='https:\/\/privat.fischer-malerbetrieb.de\/?portfolio=rathaus-galerie' title='Rathaus Galerie - Fassade'  data-rel='grid-1' class='grid-image avia-hover-fx'><img loading=\"lazy\" decoding=\"async\" width=\"260\" height=\"185\" src=\"https:\/\/privat.fischer-malerbetrieb.de\/wp-content\/uploads\/2014\/06\/Rathaus_Cover-260x185.jpg\" class=\"attachment-portfolio_small size-portfolio_small wp-post-image\" alt=\"\" \/><\/a><div class='grid-content'><div class='avia-arrow'><\/div><header class=\"entry-content-header\"><h3 class='grid-entry-title entry-title '  itemprop=\"headline\" ><a href='https:\/\/privat.fischer-malerbetrieb.de\/?portfolio=rathaus-galerie' title='Rathaus Galerie - Fassade'>Rathaus Galerie - Fassade<\/a><\/h3><\/header><\/div><footer class=\"entry-footer\"><\/footer><\/article><\/div><div data-ajax-id='46' class=' grid-entry flex_column isotope-item all_sort no_margin post-entry post-entry-46 grid-entry-overview grid-loop-13 grid-parity-odd  css_sort html_sort psd_sort  av_one_fourth first default_av_fullwidth '><article class='main_color inner-entry'  itemscope=\"itemscope\" itemtype=\"https:\/\/schema.org\/CreativeWork\" ><a href='https:\/\/privat.fischer-malerbetrieb.de\/?portfolio=slider-two-third' title='Single Portfolio: 2\/3 Slider'  data-rel='grid-1' class='grid-image avia-hover-fx'><img loading=\"lazy\" decoding=\"async\" width=\"260\" height=\"185\" src=\"https:\/\/privat.fischer-malerbetrieb.de\/wp-content\/uploads\/2012\/04\/1-260x185.jpg\" class=\"attachment-portfolio_small size-portfolio_small wp-post-image\" alt=\"\" \/><\/a><div class='grid-content'><div class='avia-arrow'><\/div><header class=\"entry-content-header\"><h3 class='grid-entry-title entry-title '  itemprop=\"headline\" ><a href='https:\/\/privat.fischer-malerbetrieb.de\/?portfolio=slider-two-third' title='Single Portfolio: 2\/3 Slider'>Single Portfolio: 2\/3 Slider<\/a><\/h3><\/header><\/div><footer class=\"entry-footer\"><\/footer><\/article><\/div><div data-ajax-id='44' class=' grid-entry flex_column isotope-item all_sort no_margin post-entry post-entry-44 grid-entry-overview grid-loop-14 grid-parity-even  css_sort psd_sort  av_one_fourth  default_av_fullwidth '><article class='main_color inner-entry'  itemscope=\"itemscope\" itemtype=\"https:\/\/schema.org\/CreativeWork\" ><a href='https:\/\/privat.fischer-malerbetrieb.de\/?portfolio=lorem-ipsum' title='Single Portfolio: 2\/3 Gallery'  data-rel='grid-1' class='grid-image avia-hover-fx'><img loading=\"lazy\" decoding=\"async\" width=\"260\" height=\"185\" src=\"https:\/\/privat.fischer-malerbetrieb.de\/wp-content\/uploads\/2012\/04\/013-260x185.jpg\" class=\"attachment-portfolio_small size-portfolio_small wp-post-image\" alt=\"\" \/><\/a><div class='grid-content'><div class='avia-arrow'><\/div><header class=\"entry-content-header\"><h3 class='grid-entry-title entry-title '  itemprop=\"headline\" ><a href='https:\/\/privat.fischer-malerbetrieb.de\/?portfolio=lorem-ipsum' title='Single Portfolio: 2\/3 Gallery'>Single Portfolio: 2\/3 Gallery<\/a><\/h3><\/header><\/div><footer class=\"entry-footer\"><\/footer><\/article><\/div><div data-ajax-id='41' class=' grid-entry flex_column isotope-item all_sort no_margin post-entry post-entry-41 grid-entry-overview grid-loop-15 grid-parity-odd  css_sort html_sort  av_one_fourth  default_av_fullwidth '><article class='main_color inner-entry'  itemscope=\"itemscope\" itemtype=\"https:\/\/schema.org\/CreativeWork\" ><a href='https:\/\/privat.fischer-malerbetrieb.de\/?portfolio=portfolio-big' title='Single Portfolio: Big Slider'  data-rel='grid-1' class='grid-image avia-hover-fx'><img loading=\"lazy\" decoding=\"async\" width=\"260\" height=\"185\" src=\"https:\/\/privat.fischer-malerbetrieb.de\/wp-content\/uploads\/2012\/04\/014-260x185.jpg\" class=\"attachment-portfolio_small size-portfolio_small wp-post-image\" alt=\"\" \/><\/a><div class='grid-content'><div class='avia-arrow'><\/div><header class=\"entry-content-header\"><h3 class='grid-entry-title entry-title '  itemprop=\"headline\" ><a href='https:\/\/privat.fischer-malerbetrieb.de\/?portfolio=portfolio-big' title='Single Portfolio: Big Slider'>Single Portfolio: Big Slider<\/a><\/h3><\/header><\/div><footer class=\"entry-footer\"><\/footer><\/article><\/div><div data-ajax-id='45' class=' grid-entry flex_column isotope-item all_sort no_margin post-entry post-entry-45 grid-entry-overview grid-loop-16 grid-parity-even  post-entry-last  html_sort photography_sort video_sort  av_one_fourth  default_av_fullwidth '><article class='main_color inner-entry'  itemscope=\"itemscope\" itemtype=\"https:\/\/schema.org\/CreativeWork\" ><a href='https:\/\/privat.fischer-malerbetrieb.de\/?portfolio=vimeo-video' title='Single Portfolio: Fullscreen Slider'  data-rel='grid-1' class='grid-image avia-hover-fx'><img loading=\"lazy\" decoding=\"async\" width=\"260\" height=\"185\" src=\"https:\/\/privat.fischer-malerbetrieb.de\/wp-content\/uploads\/2012\/04\/2-260x185.jpg\" class=\"attachment-portfolio_small size-portfolio_small wp-post-image\" alt=\"\" \/><\/a><div class='grid-content'><div class='avia-arrow'><\/div><header class=\"entry-content-header\"><h3 class='grid-entry-title entry-title '  itemprop=\"headline\" ><a href='https:\/\/privat.fischer-malerbetrieb.de\/?portfolio=vimeo-video' title='Single Portfolio: Fullscreen Slider'>Single Portfolio: Fullscreen Slider<\/a><\/h3><\/header><\/div><footer class=\"entry-footer\"><\/footer><\/article><\/div><\/div><\/div>   <!--   class=\"av-portfolio-grid-sorting-container\"  -->\n<div  class='hr hr-short hr-center   avia-builder-el-1  el_after_av_portfolio  el_before_av_textblock  avia-builder-el-first '><span class='hr-inner ' ><span class='hr-inner-style'><\/span><\/span><\/div>\n<section class=\"av_textblock_section \"  itemscope=\"itemscope\" itemtype=\"https:\/\/schema.org\/CreativeWork\" ><div class='avia_textblock  '   itemprop=\"text\" ><p>This is an example of a sortable, 4 Column Portfolio.<br \/>\nFor each Portfolio Page you create (any number possible) you can set column count, \u00a0pagination and item count, as well if its sortable or not.<\/p>\n<p>You can add Portfolio Grids to every Page you want or need, with the help of the fantastic and easy to use template builder that is built right into the theme.<\/p>\n<\/div><\/section>\n","protected":false},"excerpt":{"rendered":"","protected":false},"author":1,"featured_media":0,"parent":0,"menu_order":0,"comment_status":"open","ping_status":"open","template":"","meta":{"_exactmetrics_skip_tracking":false,"_exactmetrics_sitenote_active":false,"_exactmetrics_sitenote_note":"","_exactmetrics_sitenote_category":0,"footnotes":"","_links_to":"","_links_to_target":""},"class_list":["post-2270","page","type-page","status-publish","hentry"],"_links":{"self":[{"href":"https:\/\/privat.fischer-malerbetrieb.de\/index.php?rest_route=\/wp\/v2\/pages\/2270"}],"collection":[{"href":"https:\/\/privat.fischer-malerbetrieb.de\/index.php?rest_route=\/wp\/v2\/pages"}],"about":[{"href":"https:\/\/privat.fischer-malerbetrieb.de\/index.php?rest_route=\/wp\/v2\/types\/page"}],"author":[{"embeddable":true,"href":"https:\/\/privat.fischer-malerbetrieb.de\/index.php?rest_route=\/wp\/v2\/users\/1"}],"replies":[{"embeddable":true,"href":"https:\/\/privat.fischer-malerbetrieb.de\/index.php?rest_route=%2Fwp%2Fv2%2Fcomments&post=2270"}],"version-history":[{"count":0,"href":"https:\/\/privat.fischer-malerbetrieb.de\/index.php?rest_route=\/wp\/v2\/pages\/2270\/revisions"}],"wp:attachment":[{"href":"https:\/\/privat.fischer-malerbetrieb.de\/index.php?rest_route=%2Fwp%2Fv2%2Fmedia&parent=2270"}],"curies":[{"name":"wp","href":"https:\/\/api.w.org\/{rel}","templated":true}]}}