{"id":3183,"date":"2014-07-09T18:55:01","date_gmt":"2014-07-09T16:55:01","guid":{"rendered":"http:\/\/privat.fischer-malerbetrieb.de\/?page_id=3183"},"modified":"2025-09-15T14:38:05","modified_gmt":"2025-09-15T12:38:05","slug":"jobs","status":"publish","type":"page","link":"https:\/\/privat.fischer-malerbetrieb.de\/?page_id=3183","title":{"rendered":"Jobs"},"content":{"rendered":"<div class=\"flex_column av_one_full  flex_column_div first  avia-builder-el-0  el_before_av_one_third  avia-builder-el-first  \" ><p><div style='padding-bottom:10px; ' class='av-special-heading av-special-heading-h1    avia-builder-el-1  el_before_av_image  avia-builder-el-first   '><h1 class='av-special-heading-tag '  itemprop=\"headline\"  >Willkommen im Team.<\/h1><div class='special-heading-border'><div class='special-heading-inner-border' ><\/div><\/div><\/div><br \/>\n<div class='avia-image-container avia_animated_image avia_animate_when_almost_visible bottom-to-top av-styling-    avia-builder-el-2  el_after_av_heading  avia-builder-el-last  avia-align-center '  itemprop=\"image\" itemscope=\"itemscope\" itemtype=\"https:\/\/schema.org\/ImageObject\"  ><div class='avia-image-container-inner'><div class='avia-image-overlay-wrap'><img class='avia_image' src='http:\/\/privat.fischer-malerbetrieb.de\/wp-content\/uploads\/2014\/07\/team_schmal1-1030x360.jpg' alt='' title='team_schmal'   itemprop=\"thumbnailUrl\"  \/><\/div><\/div><\/div><\/p><\/div>\n<div class=\"flex_column av_one_third  flex_column_div first  avia-builder-el-3  el_after_av_one_full  el_before_av_one_third  column-top-margin\" ><p><div style='padding-bottom:10px; ' class='av-special-heading av-special-heading-h3    avia-builder-el-4  el_before_av_textblock  avia-builder-el-first   '><h3 class='av-special-heading-tag '  itemprop=\"headline\"  >Auszubildende\/r Maler und Lackierer (m\/w\/d)<\/h3><div class='special-heading-border'><div class='special-heading-inner-border' ><\/div><\/div><\/div><br \/>\n<section class=\"av_textblock_section \"  itemscope=\"itemscope\" itemtype=\"https:\/\/schema.org\/CreativeWork\" ><div class='avia_textblock  '   itemprop=\"text\" ><p><strong>Voraussetzungen:<\/strong><\/p>\n<div class=\"page\" title=\"Page 1\">\n<div class=\"layoutArea\">\n<div class=\"column\">\n<ul>\n<li>Vorausgegangenes Praktikum<\/li>\n<li>Erweiterter Hauptschulabschluss<\/li>\n<li>Belastbarkeit und Organisationsf\u00e4higkeit<\/li>\n<\/ul>\n<\/div>\n<\/div>\n<\/div>\n<p><strong>Pers\u00f6nliche Qualit\u00e4ten:<\/strong><\/p>\n<div class=\"page\" title=\"Page 1\">\n<div class=\"layoutArea\">\n<div class=\"column\">\n<ul>\n<li>Sorgfalt<\/li>\n<li>Genauigkeit<\/li>\n<li>Zuverl\u00e4ssigkeit<\/li>\n<\/ul>\n<\/div>\n<\/div>\n<\/div>\n<\/div><\/section><\/p><\/div>\n<div class=\"flex_column av_one_third  flex_column_div   avia-builder-el-6  el_after_av_one_third  el_before_av_one_third  column-top-margin\" ><p><div style='padding-bottom:10px; ' class='av-special-heading av-special-heading-h3    avia-builder-el-7  el_before_av_textblock  avia-builder-el-first   '><h3 class='av-special-heading-tag '  itemprop=\"headline\"  >Maler- und Lackierer-Geselle (m\/w\/d)<\/h3><div class='special-heading-border'><div class='special-heading-inner-border' ><\/div><\/div><\/div><br \/>\n<section class=\"av_textblock_section \"  itemscope=\"itemscope\" itemtype=\"https:\/\/schema.org\/CreativeWork\" ><div class='avia_textblock  '   itemprop=\"text\" ><p><strong>Voraussetzungen:<\/strong><\/p>\n<div class=\"page\" title=\"Page 1\">\n<div class=\"layoutArea\">\n<div class=\"column\">\n<ul>\n<li>Gute Fachkenntnis durch mehrj\u00e4hrige Berufserfahrung<\/li>\n<li>Belastbarkeit und Organisationsf\u00e4higkeit<\/li>\n<li>F\u00fchrerschein Klasse B<\/li>\n<\/ul>\n<\/div>\n<\/div>\n<\/div>\n<p><strong>Von Vorteil:<\/strong><\/p>\n<div class=\"page\" title=\"Page 1\">\n<div class=\"layoutArea\">\n<div class=\"column\">\n<ul>\n<li>Sicheres Auftreten<\/li>\n<li>Bereitschaft und Interesse zur Weiterbildung<\/li>\n<\/ul>\n<\/div>\n<\/div>\n<\/div>\n<p><strong><a href=\"https:\/\/privat.fischer-malerbetrieb.de\/wp-content\/uploads\/2025\/09\/FischerMA-Stellenangebot-MalerLackierer.pdf\">Stellenangebot Maler &amp; Lackierer als PDF<\/a><\/strong><\/p>\n<\/div><\/section><\/p><\/div><div class=\"flex_column av_one_third  flex_column_div   avia-builder-el-9  el_after_av_one_third  el_before_av_one_third  column-top-margin\" ><p><div style='padding-bottom:10px; ' class='av-special-heading av-special-heading-h3    avia-builder-el-10  el_before_av_textblock  avia-builder-el-first   '><h3 class='av-special-heading-tag '  itemprop=\"headline\"  >Maler- und Lackierer-Meister (m\/w\/d)<\/h3><div class='special-heading-border'><div class='special-heading-inner-border' ><\/div><\/div><\/div><br \/>\n<section class=\"av_textblock_section \"  itemscope=\"itemscope\" itemtype=\"https:\/\/schema.org\/CreativeWork\" ><div class='avia_textblock  '   itemprop=\"text\" ><p><strong>Ihr T\u00e4tigkeitsbereich:<\/strong><\/p>\n<div class=\"page\" title=\"Page 1\">\n<div class=\"layoutArea\">\n<div class=\"column\">\n<ul>\n<li>Kalkulation und Abrechnung der Baustellen<\/li>\n<li>Koordination und \u00dcberwachung der Baustellen<\/li>\n<li>F\u00fchrung und Betreuung der Mitarbeiter<\/li>\n<\/ul>\n<\/div>\n<\/div>\n<\/div>\n<p><strong>Ihr Profil:<br \/>\n<\/strong><\/p>\n<div class=\"page\" title=\"Page 1\">\n<div class=\"layoutArea\">\n<div class=\"column\">\n<ul>\n<li>Abgeschlossene Meisterpr\u00fcfung<\/li>\n<li>Erfahrung in vergleichbarem T\u00e4tigkeitsbereich<\/li>\n<li>F\u00fchrungsst\u00e4rke und Belastbarkeit<\/li>\n<li>Selbstst\u00e4ndiges Arbeiten<\/li>\n<li>F\u00fchrerschein Klasse B<\/li>\n<li>Bereitschaft und Interesse zur\u00a0Weiterbildung<\/li>\n<\/ul>\n<\/div>\n<\/div>\n<\/div>\n<p><strong>\u00a0<\/strong><\/p>\n<\/div><\/section><\/p><\/div><\/p>\n<div class=\"flex_column av_one_third  flex_column_div first  avia-builder-el-12  el_after_av_one_third  el_before_av_hr  column-top-margin\" ><p><div style='padding-bottom:10px; ' class='av-special-heading av-special-heading-h3    avia-builder-el-13  el_before_av_textblock  avia-builder-el-first   '><h3 class='av-special-heading-tag '  itemprop=\"headline\"  >Lagerist (m\/w\/d)<\/h3><div class='special-heading-border'><div class='special-heading-inner-border' ><\/div><\/div><\/div><br \/>\n<section class=\"av_textblock_section \"  itemscope=\"itemscope\" itemtype=\"https:\/\/schema.org\/CreativeWork\" ><div class='avia_textblock  '   itemprop=\"text\" ><p><strong>Voraussetzungen:<\/strong><\/p>\n<div class=\"page\" title=\"Page 1\">\n<div class=\"layoutArea\">\n<div class=\"column\">\n<ul>\n<li>Erfahrung im Lagerbereich<\/li>\n<li>Belastbarkeit und Organisationsf\u00e4higkeit<\/li>\n<li>Teamf\u00e4hig, zuverl\u00e4ssig und arbeiten selbstst\u00e4ndig<\/li>\n<\/ul>\n<\/div>\n<\/div>\n<\/div>\n<p><strong>Von Vorteil:<\/strong><\/p>\n<div class=\"page\" title=\"Page 1\">\n<div class=\"layoutArea\">\n<div class=\"column\">\n<ul>\n<li>F\u00fcherschein Klasse B<\/li>\n<li>Grundkenntnisse im Umgang mit Warenwirtschaftssystemen<\/li>\n<\/ul>\n<\/div>\n<div class=\"column\"><\/div>\n<\/div>\n<p><a href=\"https:\/\/privat.fischer-malerbetrieb.de\/wp-content\/uploads\/2025\/04\/FischerMA-StellenangebotLagerist.pdf\" target=\"_blank\" rel=\"noopener\">Stellenangebot Lagerist\/in als PDF<\/a><\/div>\n<\/div><\/section><\/p><\/div>\n<div  class='hr hr-default   avia-builder-el-15  el_after_av_one_third  el_before_av_textblock '><span class='hr-inner ' ><span class='hr-inner-style'><\/span><\/span><\/div>\n<section class=\"av_textblock_section \"  itemscope=\"itemscope\" itemtype=\"https:\/\/schema.org\/CreativeWork\" ><div class='avia_textblock  '   itemprop=\"text\" ><h2 style=\"color: #666666;\"><span style=\"color: #b0c933;\"><strong>Ihre Bewerbung.<\/strong><\/span><\/h2>\n<p style=\"color: #666666;\">Bitte f\u00fcllen Sie unser\u00a0Bewerbungs-Formular aus und h\u00e4ngen Sie Ihr Anschreiben und tabellarischen Lebenslauf als PDF an.<\/p>\n<p><b><br \/>\n<span style=\"color: #000000;\">\n<div class=\"wpcf7 no-js\" id=\"wpcf7-f3232-o1\" lang=\"de-DE\" dir=\"ltr\">\n<div class=\"screen-reader-response\"><p role=\"status\" aria-live=\"polite\" aria-atomic=\"true\"><\/p> <ul><\/ul><\/div>\n<form action=\"\/index.php?rest_route=%2Fwp%2Fv2%2Fpages%2F3183#wpcf7-f3232-o1\" method=\"post\" class=\"wpcf7-form init\" aria-label=\"Kontaktformular\" enctype=\"multipart\/form-data\" novalidate=\"novalidate\" data-status=\"init\">\n<div style=\"display: none;\">\n<input type=\"hidden\" name=\"_wpcf7\" value=\"3232\" \/>\n<input type=\"hidden\" name=\"_wpcf7_version\" value=\"5.9.8\" \/>\n<input type=\"hidden\" name=\"_wpcf7_locale\" value=\"de_DE\" \/>\n<input type=\"hidden\" name=\"_wpcf7_unit_tag\" value=\"wpcf7-f3232-o1\" \/>\n<input type=\"hidden\" name=\"_wpcf7_container_post\" value=\"0\" \/>\n<input type=\"hidden\" name=\"_wpcf7_posted_data_hash\" value=\"\" \/>\n<\/div>\n<p>Name *\n<\/p>\n<p><span class=\"wpcf7-form-control-wrap\" data-name=\"your-name\"><input size=\"40\" maxlength=\"400\" class=\"wpcf7-form-control wpcf7-text wpcf7-validates-as-required\" aria-required=\"true\" aria-invalid=\"false\" value=\"\" type=\"text\" name=\"your-name\" \/><\/span>\n<\/p>\n<p>E-Mail-Adresse *\n<\/p>\n<p><span class=\"wpcf7-form-control-wrap\" data-name=\"your-email\"><input size=\"40\" maxlength=\"400\" class=\"wpcf7-form-control wpcf7-email wpcf7-validates-as-required wpcf7-text wpcf7-validates-as-email\" aria-required=\"true\" aria-invalid=\"false\" value=\"\" type=\"email\" name=\"your-email\" \/><\/span>\n<\/p>\n<p>Bewerbung auf welche Stelle\n<\/p>\n<p><span class=\"wpcf7-form-control-wrap\" data-name=\"your-subject\"><input size=\"40\" maxlength=\"400\" class=\"wpcf7-form-control wpcf7-text\" aria-invalid=\"false\" value=\"\" type=\"text\" name=\"your-subject\" \/><\/span>\n<\/p>\n<p>Ihre Nachricht\n<\/p>\n<p><span class=\"wpcf7-form-control-wrap\" data-name=\"your-message\"><textarea cols=\"40\" rows=\"10\" maxlength=\"2000\" class=\"wpcf7-form-control wpcf7-textarea\" aria-invalid=\"false\" name=\"your-message\"><\/textarea><\/span>\n<\/p>\n<p>Ihre Anschreiben als PDF *\n<\/p>\n<p><span class=\"wpcf7-form-control-wrap\" data-name=\"Datei\"><input size=\"40\" class=\"wpcf7-form-control wpcf7-file wpcf7-validates-as-required\" accept=\".pdf\" aria-required=\"true\" aria-invalid=\"false\" type=\"file\" name=\"Datei\" \/><\/span>\n<\/p>\n<p>Ihr Lebenslauf als PDF *\n<\/p>\n<p><span class=\"wpcf7-form-control-wrap\" data-name=\"Datei2\"><input size=\"40\" class=\"wpcf7-form-control wpcf7-file wpcf7-validates-as-required\" accept=\".pdf\" aria-required=\"true\" aria-invalid=\"false\" type=\"file\" name=\"Datei2\" \/><\/span>\n<\/p>\n<p><span class=\"wpcf7-form-control-wrap\" data-name=\"acceptance-497\"><span class=\"wpcf7-form-control wpcf7-acceptance\"><span class=\"wpcf7-list-item\"><input type=\"checkbox\" name=\"acceptance-497\" value=\"1\" id=\"datenschutz\" aria-invalid=\"false\" \/><\/span><\/span><\/span> * Die <a href=\"\/impressum\/\">Datenschutzerkl\u00e4rung<\/a> habe ich gelesen und akzeptiert.\n<\/p>\n<p><input class=\"wpcf7-form-control wpcf7-submit has-spinner\" type=\"submit\" value=\"Senden\" \/>\n<\/p><p style=\"display: none !important;\" class=\"akismet-fields-container\" data-prefix=\"_wpcf7_ak_\"><label>&#916;<textarea name=\"_wpcf7_ak_hp_textarea\" cols=\"45\" rows=\"8\" maxlength=\"100\"><\/textarea><\/label><input type=\"hidden\" id=\"ak_js_1\" name=\"_wpcf7_ak_js\" value=\"80\"\/><script>document.getElementById( \"ak_js_1\" ).setAttribute( \"value\", ( new Date() ).getTime() );<\/script><\/p><div class=\"wpcf7-response-output\" aria-hidden=\"true\"><\/div>\n<\/form>\n<\/div>\n<\/span><\/b><\/p>\n<\/div><\/section>\n<div class=\"flex_column av_one_fourth  flex_column_div first  avia-builder-el-17  el_after_av_textblock  el_before_av_one_fourth  column-top-margin\" ><\/div>\n<div class=\"flex_column av_one_fourth  flex_column_div   avia-builder-el-18  el_after_av_one_fourth  el_before_av_one_fourth  column-top-margin\" ><\/div>\n<div class=\"flex_column av_one_fourth  flex_column_div   avia-builder-el-19  el_after_av_one_fourth  el_before_av_one_fourth  column-top-margin\" ><\/div>\n<div class=\"flex_column av_one_fourth  flex_column_div   avia-builder-el-20  el_after_av_one_fourth  el_before_av_one_fourth  column-top-margin\" ><\/div>\n<div class=\"flex_column av_one_fourth  flex_column_div first  avia-builder-el-21  el_after_av_one_fourth  avia-builder-el-last  column-top-margin\" ><\/div>\n","protected":false},"excerpt":{"rendered":"","protected":false},"author":1,"featured_media":0,"parent":0,"menu_order":0,"comment_status":"open","ping_status":"open","template":"","meta":{"_exactmetrics_skip_tracking":false,"_exactmetrics_sitenote_active":false,"_exactmetrics_sitenote_note":"","_exactmetrics_sitenote_category":0,"footnotes":"","_links_to":"","_links_to_target":""},"class_list":["post-3183","page","type-page","status-publish","hentry"],"_links":{"self":[{"href":"https:\/\/privat.fischer-malerbetrieb.de\/index.php?rest_route=\/wp\/v2\/pages\/3183"}],"collection":[{"href":"https:\/\/privat.fischer-malerbetrieb.de\/index.php?rest_route=\/wp\/v2\/pages"}],"about":[{"href":"https:\/\/privat.fischer-malerbetrieb.de\/index.php?rest_route=\/wp\/v2\/types\/page"}],"author":[{"embeddable":true,"href":"https:\/\/privat.fischer-malerbetrieb.de\/index.php?rest_route=\/wp\/v2\/users\/1"}],"replies":[{"embeddable":true,"href":"https:\/\/privat.fischer-malerbetrieb.de\/index.php?rest_route=%2Fwp%2Fv2%2Fcomments&post=3183"}],"version-history":[{"count":28,"href":"https:\/\/privat.fischer-malerbetrieb.de\/index.php?rest_route=\/wp\/v2\/pages\/3183\/revisions"}],"predecessor-version":[{"id":4397,"href":"https:\/\/privat.fischer-malerbetrieb.de\/index.php?rest_route=\/wp\/v2\/pages\/3183\/revisions\/4397"}],"wp:attachment":[{"href":"https:\/\/privat.fischer-malerbetrieb.de\/index.php?rest_route=%2Fwp%2Fv2%2Fmedia&parent=3183"}],"curies":[{"name":"wp","href":"https:\/\/api.w.org\/{rel}","templated":true}]}}