{"id":734,"date":"2013-04-01T15:37:54","date_gmt":"2013-04-01T15:37:54","guid":{"rendered":"http:\/\/www.kriesi.at\/themes\/enfold\/?page_id=734"},"modified":"2021-06-29T15:39:14","modified_gmt":"2021-06-29T13:39:14","slug":"homepage","status":"publish","type":"page","link":"https:\/\/privat.fischer-malerbetrieb.de\/","title":{"rendered":"Homepage"},"content":{"rendered":"<div id='layer_slider_1' class='avia-layerslider main_color avia-shadow  avia-builder-el-0  el_before_av_one_fourth  avia-builder-el-first  container_wrap sidebar_right' style='  height: 471px;' ><\/div><div id='after_layer_slider_1' class='main_color av_default_container_wrap container_wrap sidebar_right' style=' '  ><div class='container' ><div class='template-page content  av-content-small alpha units'><div class='post-entry post-entry-type-page post-entry-734'><div class='entry-content-wrapper clearfix'>\n<div class=\"flex_column av_one_fourth  flex_column_div first  avia-builder-el-1  el_after_av_layerslider  el_before_av_one_fourth  avia-builder-el-first  \" ><article class=\"iconbox iconbox_left    avia-builder-el-2  avia-builder-el-no-sibling  \"  itemscope=\"itemscope\" itemtype=\"https:\/\/schema.org\/CreativeWork\" ><div class=\"iconbox_content\"><header class=\"entry-content-header\"><div class=\"iconbox_icon heading-color \" aria-hidden='true' data-av_icon='\ue8c9' data-av_iconfont='entypo-fontello'  ><\/div><h3 class='iconbox_content_title  '  itemprop=\"headline\"  >Kompetent<\/h3><\/header><div class='iconbox_content_container  '  itemprop=\"text\"  ><p>Die Fischer Malerbetrieb GmbH besticht mit einem Komplettportfolio handwerklicher <strong>Meisterleistungen<\/strong> \u2013 zuverl\u00e4ssig, schnell und stets hochwertig in der Ausf\u00fchrung.<\/p>\n<\/div><\/div><footer class=\"entry-footer\"><\/footer><\/article><\/div>\n<div class=\"flex_column av_one_fourth  flex_column_div   avia-builder-el-3  el_after_av_one_fourth  el_before_av_one_fourth  \" ><article class=\"iconbox iconbox_left    avia-builder-el-4  avia-builder-el-no-sibling  \"  itemscope=\"itemscope\" itemtype=\"https:\/\/schema.org\/CreativeWork\" ><div class=\"iconbox_content\"><header class=\"entry-content-header\"><div class=\"iconbox_icon heading-color \" aria-hidden='true' data-av_icon='\ue864' data-av_iconfont='entypo-fontello'  ><\/div><h3 class='iconbox_content_title  '  itemprop=\"headline\"  >Qualifiziert<\/h3><\/header><div class='iconbox_content_container  '  itemprop=\"text\"  ><p>Das umfangreiche Fachwissen und die gro\u00dfen individuellen Fertigkeiten der optimal geschulten Team-Mitglieder garantieren <strong>h\u00f6chstes Niveau<\/strong> in der t\u00e4glichen Arbeit.<\/p>\n<\/div><\/div><footer class=\"entry-footer\"><\/footer><\/article><\/div>\n<div class=\"flex_column av_one_fourth  flex_column_div   avia-builder-el-5  el_after_av_one_fourth  el_before_av_one_fourth  \" ><article class=\"iconbox iconbox_left    avia-builder-el-6  avia-builder-el-no-sibling  \"  itemscope=\"itemscope\" itemtype=\"https:\/\/schema.org\/CreativeWork\" ><div class=\"iconbox_content\"><header class=\"entry-content-header\"><div class=\"iconbox_icon heading-color \" aria-hidden='true' data-av_icon='\ue80a' data-av_iconfont='entypo-fontello'  ><\/div><h3 class='iconbox_content_title  '  itemprop=\"headline\"  >Individuell<\/h3><\/header><div class='iconbox_content_container  '  itemprop=\"text\"  ><p>Die Gestaltungsm\u00f6glichkeiten von Immobilien sind grenzenlos. Mit einer intensiven <strong>Vor-Ort-Beratung<\/strong> legt der Fischer Malerbetrieb den Grundstein f\u00fcr die Erf\u00fcllung von Kundenw\u00fcnschen.<\/p>\n<\/div><\/div><footer class=\"entry-footer\"><\/footer><\/article><\/div>\n<div class=\"flex_column av_one_fourth  flex_column_div   avia-builder-el-7  el_after_av_one_fourth  el_before_av_section  avia-builder-el-last  \" ><article class=\"iconbox iconbox_left    avia-builder-el-8  avia-builder-el-no-sibling  \"  itemscope=\"itemscope\" itemtype=\"https:\/\/schema.org\/CreativeWork\" ><div class=\"iconbox_content\"><header class=\"entry-content-header\"><div class=\"iconbox_icon heading-color \" aria-hidden='true' data-av_icon='\ue863' data-av_iconfont='entypo-fontello'  ><\/div><h3 class='iconbox_content_title  '  itemprop=\"headline\"  >P\u00fcnktlich<\/h3><\/header><div class='iconbox_content_container  '  itemprop=\"text\"  ><p>Da <strong>Termintreue<\/strong> zu den\u00a0Grundwerten der Fischer Malerbetrieb GmbH z\u00e4hlt, legen wir nach Absprache mit den Kunden vor Beginn der Arbeiten detaillierte Zeitpl\u00e4ne fest.<\/p>\n<\/div><\/div><footer class=\"entry-footer\"><\/footer><\/article><\/div>\n<\/div><\/div><\/div><!-- close content main div --><\/div><\/div><div id='av_section_1' class='avia-section alternate_color avia-section-large avia-shadow avia-bg-style-scroll  avia-builder-el-9  el_after_av_one_fourth  el_before_av_section   container_wrap sidebar_right' style=' '  ><div class='container' ><div class='template-page content  av-content-small alpha units'><div class='post-entry post-entry-type-page post-entry-734'><div class='entry-content-wrapper clearfix'>\n<div class=\"flex_column av_one_half  flex_column_div first  avia-builder-el-10  el_before_av_one_half  avia-builder-el-first  \" ><section class=\"av_textblock_section \"  itemscope=\"itemscope\" itemtype=\"https:\/\/schema.org\/CreativeWork\" ><div class='avia_textblock  '   itemprop=\"text\" ><h2 style=\"text-align: right;\"><strong>Meisterhandwerk seit 1927.<\/strong><\/h2>\n<\/div><\/section><br \/>\n<div  class='hr hr-short hr-right   avia-builder-el-12  el_after_av_textblock  el_before_av_textblock '><span class='hr-inner ' ><span class='hr-inner-style'><\/span><\/span><\/div><br \/>\n<section class=\"av_textblock_section \"  itemscope=\"itemscope\" itemtype=\"https:\/\/schema.org\/CreativeWork\" ><div class='avia_textblock  '   itemprop=\"text\" ><p style=\"text-align: right;\">Erfahrung, Tradition und modernste Techniken \u2013 bereits <strong>in vierter Generation<\/strong> realisiert\u00a0die Fischer Malerbetrieb GmbH die individuellen Vorhaben und Anliegen ihrer Kunden.<\/p>\n<p style=\"text-align: right;\">\n<p style=\"text-align: right;\">Erstklassiger Service, eine pers\u00f6nliche Betreuung und <strong>fachliches Know-how<\/strong> garantieren eine\u00a0bestm\u00f6gliche Umsetzung \u2013 von der Single-Wohnung bis zum Eigenheim von Gro\u00dffamilien.<\/p>\n<p style=\"text-align: right;\">\n<p style=\"text-align: right;\">Auch die <strong>famili\u00e4re Atmosph\u00e4re<\/strong>, das gelebte Miteinander und der hohe Anspruch an die eigenen\u00a0Leistungen tragen zum au\u00dfergew\u00f6hnlichen Qualit\u00e4tsversprechen des\u00a0Fischer Malerbetriebs bei. \u2013 Und das seit 1927.<\/p>\n<\/div><\/section><br \/>\n<div  class='hr hr-short hr-right   avia-builder-el-14  el_after_av_textblock  el_before_av_button '><span class='hr-inner ' ><span class='hr-inner-style'><\/span><\/span><\/div><br \/>\n<div class='avia-button-wrap avia-button-right  avia-builder-el-15  el_after_av_hr  avia-builder-el-last '><a href='https:\/\/privat.fischer-malerbetrieb.de\/?page_id=1195'  class='avia-button   avia-icon_select-yes-left-icon avia-color-theme-color-subtle avia-size-large avia-position-right '   ><span class='avia_button_icon avia_button_icon_left ' aria-hidden='true' data-av_icon='\ue80b' data-av_iconfont='entypo-fontello'><\/span><span class='avia_iconbox_title' >Unser Team<\/span><\/a><\/div><\/p><\/div><div class=\"flex_column av_one_half  flex_column_div   avia-builder-el-16  el_after_av_one_half  avia-builder-el-last  \" ><div class='avia-icon-list-container   avia-builder-el-17  avia-builder-el-no-sibling  '><ul class='avia-icon-list avia-icon-list-left av-iconlist-big avia_animate_when_almost_visible avia-iconlist-animate'>\n<li><div  class='iconlist_icon  avia-font-entypo-fontello'><span class='iconlist-char ' aria-hidden='true' data-av_icon='\ue8c0' data-av_iconfont='entypo-fontello'><\/span><\/div><article class=\"article-icon-entry \"  itemscope=\"itemscope\" itemtype=\"https:\/\/schema.org\/CreativeWork\" ><div class='iconlist_content_wrap'><header class=\"entry-content-header\"><h4 class='av_iconlist_title iconlist_title  '  itemprop=\"headline\"  >Fassadensanierung<\/h4><\/header><div class='iconlist_content  '  itemprop=\"text\"  ><p>Ob Farbauffrischung, neuer Anstrich oder Au\u00dfengestaltung nach Designvorgabe \u2013 sorgf\u00e4ltig, liebevoll und perfekt in der Ausf\u00fchrung verhilft der Fischer Malerbetrieb alten Fassaden zu neuem Glanz.<\/p>\n<\/div><\/div><footer class=\"entry-footer\"><\/footer><\/article><div class='iconlist-timeline'><\/div><\/li>\n<li><div  class='iconlist_icon  avia-font-entypo-fontello'><span class='iconlist-char ' aria-hidden='true' data-av_icon='\ue821' data-av_iconfont='entypo-fontello'><\/span><\/div><article class=\"article-icon-entry \"  itemscope=\"itemscope\" itemtype=\"https:\/\/schema.org\/CreativeWork\" ><div class='iconlist_content_wrap'><header class=\"entry-content-header\"><h4 class='av_iconlist_title iconlist_title  '  itemprop=\"headline\"  >W\u00e4rmed\u00e4mmung<\/h4><\/header><div class='iconlist_content  '  itemprop=\"text\"  ><p>Mit effektivem Vollw\u00e4rmeschutz senkt der Fischer Malerbetrieb nachhaltig den Energieverbrauch von Immobilien. Das perfekt eingespielte Team garantiert optimal ineinander greifende Prozesse und Abl\u00e4ufe.<\/p>\n<\/div><\/div><footer class=\"entry-footer\"><\/footer><\/article><div class='iconlist-timeline'><\/div><\/li>\n<li><div  class='iconlist_icon  avia-font-entypo-fontello'><span class='iconlist-char ' aria-hidden='true' data-av_icon='\ue8a4' data-av_iconfont='entypo-fontello'><\/span><\/div><article class=\"article-icon-entry \"  itemscope=\"itemscope\" itemtype=\"https:\/\/schema.org\/CreativeWork\" ><div class='iconlist_content_wrap'><header class=\"entry-content-header\"><h4 class='av_iconlist_title iconlist_title  '  itemprop=\"headline\"  >Kreative Gestaltung<\/h4><\/header><div class='iconlist_content  '  itemprop=\"text\"  ><p>Mit modernsten Techniken, hochwertigen Materialien und fachlich exzellenter Arbeit sorgt der Fischer Malerbetrieb f\u00fcr ein individuelles Raumgef\u00fchl und eine einzigartige Wohlf\u00fchl-Atmosph\u00e4re.<\/p>\n<\/div><\/div><footer class=\"entry-footer\"><\/footer><\/article><div class='iconlist-timeline'><\/div><\/li>\n<li><div  class='iconlist_icon  avia-font-entypo-fontello'><span class='iconlist-char ' aria-hidden='true' data-av_icon='\ue836' data-av_iconfont='entypo-fontello'><\/span><\/div><article class=\"article-icon-entry \"  itemscope=\"itemscope\" itemtype=\"https:\/\/schema.org\/CreativeWork\" ><div class='iconlist_content_wrap'><header class=\"entry-content-header\"><h4 class='av_iconlist_title iconlist_title  '  itemprop=\"headline\"  >Farbentw\u00fcrfe<\/h4><\/header><div class='iconlist_content  '  itemprop=\"text\"  ><p>Dank der individuellen Farbentw\u00fcrfe des\u00a0Fischer Malerbetriebs wissen Kunden schon vor Beginn der Arbeiten, wie das Ergebnis sp\u00e4ter aussehen wird. Individuell, pers\u00f6nlich und ganz nach den eigenen Vorlieben.<\/p>\n<\/div><\/div><footer class=\"entry-footer\"><\/footer><\/article><div class='iconlist-timeline'><\/div><\/li>\n<li><div  class='iconlist_icon  avia-font-entypo-fontello'><span class='iconlist-char ' aria-hidden='true' data-av_icon='\ue83f' data-av_iconfont='entypo-fontello'><\/span><\/div><article class=\"article-icon-entry \"  itemscope=\"itemscope\" itemtype=\"https:\/\/schema.org\/CreativeWork\" ><div class='iconlist_content_wrap'><header class=\"entry-content-header\"><h4 class='av_iconlist_title iconlist_title  '  itemprop=\"headline\"  >Brand- & Wassersch\u00e4den<\/h4><\/header><div class='iconlist_content  '  itemprop=\"text\"  ><p>Fischer Malereibetrieb beseitigt nach Br\u00e4nden entstandene Sch\u00e4den. Bei einem Wasserschaden handelt es sich in der Regel um einen Versicherungsschaden.<\/p>\n<\/div><\/div><footer class=\"entry-footer\"><\/footer><\/article><div class='iconlist-timeline'><\/div><\/li>\n<\/ul><\/div><\/div><\/div><\/div><\/div><!-- close content main div --><\/div><\/div><div id='av_section_2' class='avia-section alternate_color avia-section-large avia-shadow avia-bg-style-scroll  avia-builder-el-18  el_after_av_section  avia-builder-el-last   container_wrap sidebar_right' style=' '  ><div class='container' ><div class='template-page content  av-content-small alpha units'><div class='post-entry post-entry-type-page post-entry-734'><div class='entry-content-wrapper clearfix'>\n<div class=\"flex_column av_one_full  flex_column_div first  avia-builder-el-19  avia-builder-el-no-sibling  \" ><section class=\"av_textblock_section \"  itemscope=\"itemscope\" itemtype=\"https:\/\/schema.org\/CreativeWork\" ><div class='avia_textblock  '   itemprop=\"text\" ><h3 style=\"text-align: center;\">PERFEKT IN SZENE GESETZT.<\/h3>\n<\/div><\/section><br \/>\n<div  class='hr hr-short hr-center   avia-builder-el-21  el_after_av_textblock  el_before_av_textblock '><span class='hr-inner ' ><span class='hr-inner-style'><\/span><\/span><\/div><br \/>\n<section class=\"av_textblock_section \"  itemscope=\"itemscope\" itemtype=\"https:\/\/schema.org\/CreativeWork\" ><div class='avia_textblock  '   itemprop=\"text\" ><p style=\"text-align: center;\">Die <strong>Fischer Malerbetrieb GmbH<\/strong> setzt private Immobilien perfekt in Szene.<br \/>\nOb Innen- oder Au\u00dfenarbeiten, ob klassische Malert\u00e4tigkeiten oder moderne Gestaltungs-Methoden. Handwerkskunst, die ihren Namen verdient.<\/p>\n<\/div><\/section><br \/>\n<div style='height:70px' class='hr hr-invisible   avia-builder-el-23  el_after_av_textblock  el_before_av_portfolio  avia-builder-el-last '><span class='hr-inner ' ><span class='hr-inner-style'><\/span><\/span><\/div><br \/>\n<div class='portfolio_preview_container ' data-portfolio-id='1'>\r\n\t\t\t\t\t\t\t\t<div class='ajax_controlls iconfont'>\r\n\t\t\t\t\t\t\t\t\t<a href='#prev' class='ajax_previous' \taria-hidden='true' data-av_icon='\ue878' data-av_iconfont='entypo-fontello'><\/a>\r\n\t\t\t\t\t\t\t\t\t<a href='#next' class='ajax_next'\t\taria-hidden='true' data-av_icon='\ue879' data-av_iconfont='entypo-fontello'><\/a>\r\n\t\t\t\t\t\t\t\t\t<a class='avia_close' href='#close'\t\taria-hidden='true' data-av_icon='\ue814' data-av_iconfont='entypo-fontello'><\/a>\r\n\t\t\t\t\t\t\t\t<\/div>\r\n\t\t\t\t\t\t\t\t<div class='portfolio-details-inner'><\/div>\r\n\t\t\t\t\t\t\t<\/div><div class=' grid-sort-container isotope   no_margin-container with-title-container grid-total-even grid-col-4 grid-links-ajax' data-portfolio-id='1'><div data-ajax-id='4107' class=' grid-entry flex_column isotope-item all_sort no_margin post-entry post-entry-4107 grid-entry-overview grid-loop-1 grid-parity-odd  fischer_sort  av_one_fourth first default_av_fullwidth '><article class='main_color inner-entry'  itemscope=\"itemscope\" itemtype=\"https:\/\/schema.org\/CreativeWork\" ><a href='https:\/\/privat.fischer-malerbetrieb.de\/?portfolio=wohnung-im-essener-sueden' title='Wohnung im Essener S\u00fcden'  data-rel='grid-1' class='grid-image avia-hover-fx'><img loading=\"lazy\" decoding=\"async\" width=\"260\" height=\"185\" src=\"https:\/\/privat.fischer-malerbetrieb.de\/wp-content\/uploads\/2015\/11\/IMG_5525-2_x2-260x185.jpg\" class=\"attachment-portfolio_small size-portfolio_small wp-post-image\" alt=\"\" \/><\/a><div class='grid-content'><div class='avia-arrow'><\/div><header class=\"entry-content-header\"><h3 class='grid-entry-title entry-title '  itemprop=\"headline\" ><a href='https:\/\/privat.fischer-malerbetrieb.de\/?portfolio=wohnung-im-essener-sueden' title='Wohnung im Essener S\u00fcden'>Wohnung im Essener S\u00fcden<\/a><\/h3><\/header><\/div><footer class=\"entry-footer\"><\/footer><\/article><\/div><div data-ajax-id='3902' class=' grid-entry flex_column isotope-item all_sort no_margin post-entry post-entry-3902 grid-entry-overview grid-loop-2 grid-parity-even  fischer_sort  av_one_fourth  default_av_fullwidth '><article class='main_color inner-entry'  itemscope=\"itemscope\" itemtype=\"https:\/\/schema.org\/CreativeWork\" ><a href='https:\/\/privat.fischer-malerbetrieb.de\/?portfolio=privathaus-in-essen-2' title='Privathaus in Essen'  data-rel='grid-1' class='grid-image avia-hover-fx'><img loading=\"lazy\" decoding=\"async\" width=\"260\" height=\"173\" src=\"https:\/\/privat.fischer-malerbetrieb.de\/wp-content\/uploads\/2015\/09\/Treppenhaus_RellinghauserStr_3_1200x800.jpg\" class=\"attachment-portfolio_small size-portfolio_small wp-post-image\" alt=\"\" \/><\/a><div class='grid-content'><div class='avia-arrow'><\/div><header class=\"entry-content-header\"><h3 class='grid-entry-title entry-title '  itemprop=\"headline\" ><a href='https:\/\/privat.fischer-malerbetrieb.de\/?portfolio=privathaus-in-essen-2' title='Privathaus in Essen'>Privathaus in Essen<\/a><\/h3><\/header><\/div><footer class=\"entry-footer\"><\/footer><\/article><\/div><div data-ajax-id='3867' class=' grid-entry flex_column isotope-item all_sort no_margin post-entry post-entry-3867 grid-entry-overview grid-loop-3 grid-parity-odd  fischer_sort  av_one_fourth  default_av_fullwidth '><article class='main_color inner-entry'  itemscope=\"itemscope\" itemtype=\"https:\/\/schema.org\/CreativeWork\" ><a href='https:\/\/privat.fischer-malerbetrieb.de\/?portfolio=kreative-wandgestaltung-3' title='Kreative Wandgestaltung'  data-rel='grid-1' class='grid-image avia-hover-fx'><img loading=\"lazy\" decoding=\"async\" width=\"260\" height=\"185\" src=\"https:\/\/privat.fischer-malerbetrieb.de\/wp-content\/uploads\/2015\/08\/Kre2-260x185.jpg\" class=\"attachment-portfolio_small size-portfolio_small wp-post-image\" alt=\"\" \/><\/a><div class='grid-content'><div class='avia-arrow'><\/div><header class=\"entry-content-header\"><h3 class='grid-entry-title entry-title '  itemprop=\"headline\" ><a href='https:\/\/privat.fischer-malerbetrieb.de\/?portfolio=kreative-wandgestaltung-3' title='Kreative Wandgestaltung'>Kreative Wandgestaltung<\/a><\/h3><\/header><\/div><footer class=\"entry-footer\"><\/footer><\/article><\/div><div data-ajax-id='3709' class=' grid-entry flex_column isotope-item all_sort no_margin post-entry post-entry-3709 grid-entry-overview grid-loop-4 grid-parity-even  post-entry-last  fischer_sort  av_one_fourth  default_av_fullwidth '><article class='main_color inner-entry'  itemscope=\"itemscope\" itemtype=\"https:\/\/schema.org\/CreativeWork\" ><a href='https:\/\/privat.fischer-malerbetrieb.de\/?portfolio=coiffeur-dejavu-in-herne' title='Coiffeur D\u00e9j\u00e0vu in Herne'  data-rel='grid-1' class='grid-image avia-hover-fx'><img loading=\"lazy\" decoding=\"async\" width=\"260\" height=\"185\" src=\"https:\/\/privat.fischer-malerbetrieb.de\/wp-content\/uploads\/2015\/08\/Unbenannt-0-260x185.jpg\" class=\"attachment-portfolio_small size-portfolio_small wp-post-image\" alt=\"\" \/><\/a><div class='grid-content'><div class='avia-arrow'><\/div><header class=\"entry-content-header\"><h3 class='grid-entry-title entry-title '  itemprop=\"headline\" ><a href='https:\/\/privat.fischer-malerbetrieb.de\/?portfolio=coiffeur-dejavu-in-herne' title='Coiffeur D\u00e9j\u00e0vu in Herne'>Coiffeur D\u00e9j\u00e0vu in Herne<\/a><\/h3><\/header><\/div><footer class=\"entry-footer\"><\/footer><\/article><\/div><\/div><br \/>\n<div  class='hr hr-short hr-center   avia-builder-el-25  el_after_av_portfolio  el_before_av_textblock  avia-builder-el-first '><span class='hr-inner ' ><span class='hr-inner-style'><\/span><\/span><\/div><br \/>\n<section class=\"av_textblock_section \"  itemscope=\"itemscope\" itemtype=\"https:\/\/schema.org\/CreativeWork\" ><div class='avia_textblock  '   itemprop=\"text\" ><p style=\"text-align: center;\"><strong><a title=\"Portfolio 3 Column Ajax\" href=\"http:\/\/privat.fischer-malerbetrieb.de\/?page_id=2269\">Weitere\u00a0Arbeiten<\/a><\/strong><\/p>\n<\/div><\/section><br \/>\n<div  class='hr hr-short hr-center   avia-builder-el-27  el_after_av_textblock  avia-builder-el-last '><span class='hr-inner ' ><span class='hr-inner-style'><\/span><\/span><\/div><\/p><\/div>\n<\/div><\/div><\/div><!-- close content main div --><\/div><\/div><div id='after_section_2' class='main_color av_default_container_wrap container_wrap sidebar_right' style=' '  ><div class='container' ><div class='template-page content  av-content-small alpha units'><div class='post-entry post-entry-type-page post-entry-734'><div class='entry-content-wrapper clearfix'><\/p>\n","protected":false},"excerpt":{"rendered":"<p>This is a Page excerpt. It will be displayed for search results<\/p>\n","protected":false},"author":1,"featured_media":0,"parent":0,"menu_order":0,"comment_status":"open","ping_status":"open","template":"","meta":{"_exactmetrics_skip_tracking":false,"_exactmetrics_sitenote_active":false,"_exactmetrics_sitenote_note":"","_exactmetrics_sitenote_category":0,"footnotes":"","_links_to":"","_links_to_target":""},"class_list":["post-734","page","type-page","status-publish","hentry"],"_links":{"self":[{"href":"https:\/\/privat.fischer-malerbetrieb.de\/index.php?rest_route=\/wp\/v2\/pages\/734"}],"collection":[{"href":"https:\/\/privat.fischer-malerbetrieb.de\/index.php?rest_route=\/wp\/v2\/pages"}],"about":[{"href":"https:\/\/privat.fischer-malerbetrieb.de\/index.php?rest_route=\/wp\/v2\/types\/page"}],"author":[{"embeddable":true,"href":"https:\/\/privat.fischer-malerbetrieb.de\/index.php?rest_route=\/wp\/v2\/users\/1"}],"replies":[{"embeddable":true,"href":"https:\/\/privat.fischer-malerbetrieb.de\/index.php?rest_route=%2Fwp%2Fv2%2Fcomments&post=734"}],"version-history":[{"count":39,"href":"https:\/\/privat.fischer-malerbetrieb.de\/index.php?rest_route=\/wp\/v2\/pages\/734\/revisions"}],"predecessor-version":[{"id":4325,"href":"https:\/\/privat.fischer-malerbetrieb.de\/index.php?rest_route=\/wp\/v2\/pages\/734\/revisions\/4325"}],"wp:attachment":[{"href":"https:\/\/privat.fischer-malerbetrieb.de\/index.php?rest_route=%2Fwp%2Fv2%2Fmedia&parent=734"}],"curies":[{"name":"wp","href":"https:\/\/api.w.org\/{rel}","templated":true}]}}